{"id":8250,"date":"2023-10-31T13:26:06","date_gmt":"2023-10-31T13:26:06","guid":{"rendered":"https:\/\/tousek.com\/?page_id=8250"},"modified":"2023-10-31T13:28:17","modified_gmt":"2023-10-31T13:28:17","slug":"datenloschung","status":"publish","type":"page","link":"https:\/\/tousek.com\/pl\/datenloschung","title":{"rendered":"Datenl\u00f6schung"},"content":{"rendered":"\t\t<div data-elementor-type=\"wp-page\" data-elementor-id=\"8250\" class=\"elementor elementor-8250\" data-elementor-post-type=\"page\">\n\t\t\t\t\t\t<section class=\"elementor-section elementor-top-section elementor-element elementor-element-8339d9f elementor-section-boxed elementor-section-height-default elementor-section-height-default\" data-id=\"8339d9f\" data-element_type=\"section\" data-e-type=\"section\">\n\t\t\t\t\t\t<div class=\"elementor-container elementor-column-gap-default\">\n\t\t\t\t\t<div class=\"elementor-column elementor-col-100 elementor-top-column elementor-element elementor-element-eae3892\" data-id=\"eae3892\" data-element_type=\"column\" data-e-type=\"column\">\n\t\t\t<div class=\"elementor-widget-wrap elementor-element-populated\">\n\t\t\t\t\t\t<div class=\"elementor-element elementor-element-3f9b12a elementor-widget elementor-widget-heading\" data-id=\"3f9b12a\" data-element_type=\"widget\" data-e-type=\"widget\" data-widget_type=\"heading.default\">\n\t\t\t\t<div class=\"elementor-widget-container\">\n\t\t\t\t\t<h2 class=\"elementor-heading-title elementor-size-default\">Datenl\u00f6schung<\/h2>\t\t\t\t<\/div>\n\t\t\t\t<\/div>\n\t\t\t\t<div class=\"elementor-element elementor-element-804eba8 elementor-hidden-mobile elementor-widget elementor-widget-spacer\" data-id=\"804eba8\" data-element_type=\"widget\" data-e-type=\"widget\" data-widget_type=\"spacer.default\">\n\t\t\t\t<div class=\"elementor-widget-container\">\n\t\t\t\t\t\t\t<div class=\"elementor-spacer\">\n\t\t\t<div class=\"elementor-spacer-inner\"><\/div>\n\t\t<\/div>\n\t\t\t\t\t\t<\/div>\n\t\t\t\t<\/div>\n\t\t\t\t<div class=\"elementor-element elementor-element-ad6941d elementor-button-align-center elementor-widget elementor-widget-form\" data-id=\"ad6941d\" data-element_type=\"widget\" data-e-type=\"widget\" data-settings=\"{&quot;step_next_label&quot;:&quot;Next&quot;,&quot;step_previous_label&quot;:&quot;Previous&quot;,&quot;button_width&quot;:&quot;100&quot;,&quot;step_type&quot;:&quot;number_text&quot;,&quot;step_icon_shape&quot;:&quot;circle&quot;}\" data-widget_type=\"form.default\">\n\t\t\t\t<div class=\"elementor-widget-container\">\n\t\t\t\t\t\t\t<form class=\"elementor-form\" method=\"post\" name=\"New Form\" aria-label=\"New Form\">\n\t\t\t<input type=\"hidden\" name=\"post_id\" value=\"8250\"\/>\n\t\t\t<input type=\"hidden\" name=\"form_id\" value=\"ad6941d\"\/>\n\t\t\t<input type=\"hidden\" name=\"referer_title\" value=\"Datenl\u00f6schung\" \/>\n\n\t\t\t\t\t\t\t<input type=\"hidden\" name=\"queried_id\" value=\"8250\"\/>\n\t\t\t\n\t\t\t<div class=\"elementor-form-fields-wrapper elementor-labels-above\">\n\t\t\t\t\t\t\t\t<div class=\"elementor-field-type-text elementor-field-group elementor-column elementor-field-group-name elementor-col-100\">\n\t\t\t\t\t\t\t\t\t\t\t\t\t<input size=\"1\" type=\"text\" name=\"form_fields[name]\" id=\"form-field-name\" class=\"elementor-field elementor-size-sm  elementor-field-textual\" placeholder=\"E-Mail\">\n\t\t\t\t\t\t\t\t\t\t\t<\/div>\n\t\t\t\t\t\t\t\t<div class=\"elementor-field-type-text\">\n\t\t\t\t\t<input size=\"1\" type=\"text\" name=\"form_fields[field_d7641ce]\" id=\"form-field-field_d7641ce\" class=\"elementor-field elementor-size-sm \" style=\"display:none !important;\">\t\t\t\t<\/div>\n\t\t\t\t\t\t\t\t<div class=\"elementor-field-type-text\">\n\t\t\t\t\t<input size=\"1\" type=\"text\" name=\"form_fields[field_e4f419c]\" id=\"form-field-field_e4f419c\" class=\"elementor-field elementor-size-sm \" style=\"display:none !important;\">\t\t\t\t<\/div>\n\t\t\t\t\t\t\t\t<div class=\"elementor-field-type-text\">\n\t\t\t\t\t<input size=\"1\" type=\"text\" name=\"form_fields[field_86dd614]\" id=\"form-field-field_86dd614\" class=\"elementor-field elementor-size-sm \" style=\"display:none !important;\">\t\t\t\t<\/div>\n\t\t\t\t\t\t\t\t<div class=\"elementor-field-type-text\">\n\t\t\t\t\t<input size=\"1\" type=\"text\" name=\"form_fields[field_91cac5c]\" id=\"form-field-field_91cac5c\" class=\"elementor-field elementor-size-sm \" style=\"display:none !important;\">\t\t\t\t<\/div>\n\t\t\t\t\t\t\t\t<div class=\"elementor-field-group elementor-column elementor-field-type-submit elementor-col-100 e-form__buttons\">\n\t\t\t\t\t<button class=\"elementor-button elementor-size-sm\" type=\"submit\">\n\t\t\t\t\t\t<span class=\"elementor-button-content-wrapper\">\n\t\t\t\t\t\t\t\t\t\t\t\t\t\t\t\t\t\t\t\t\t\t<span class=\"elementor-button-text\">Send<\/span>\n\t\t\t\t\t\t\t\t\t\t\t\t\t<\/span>\n\t\t\t\t\t<\/button>\n\t\t\t\t<\/div>\n\t\t\t<\/div>\n\t\t<\/form>\n\t\t\t\t\t\t<\/div>\n\t\t\t\t<\/div>\n\t\t\t\t\t<\/div>\n\t\t<\/div>\n\t\t\t\t\t<\/div>\n\t\t<\/section>\n\t\t\t\t<section class=\"elementor-section elementor-top-section elementor-element elementor-element-10bf123 elementor-section-boxed elementor-section-height-default elementor-section-height-default\" data-id=\"10bf123\" data-element_type=\"section\" data-e-type=\"section\">\n\t\t\t\t\t\t<div class=\"elementor-container elementor-column-gap-default\">\n\t\t\t\t\t<div class=\"elementor-column elementor-col-100 elementor-top-column elementor-element elementor-element-145778f\" data-id=\"145778f\" data-element_type=\"column\" data-e-type=\"column\">\n\t\t\t<div class=\"elementor-widget-wrap elementor-element-populated\">\n\t\t\t\t\t\t<div class=\"elementor-element elementor-element-5444490 elementor-widget elementor-widget-text-editor\" data-id=\"5444490\" data-element_type=\"widget\" data-e-type=\"widget\" data-widget_type=\"text-editor.default\">\n\t\t\t\t<div class=\"elementor-widget-container\">\n\t\t\t\t\t\t\t\t\t<p>Um den L\u00f6schungsprozess zu starten, f\u00fcllen Sie bitte das oben stehende Feld aus und geben Sie Ihre registrierte E-Mail-Adresse an, die mit Ihrem Benutzerkonto verkn\u00fcpft ist. Bitte stellen Sie sicher, dass Sie die richtige E-Mail-Adresse angeben, da die L\u00f6schung des Kontos unwiderruflich ist und damit alle Ihre gespeicherten Daten, Einstellungen und Informationen gel\u00f6scht werden.\u00a0<\/p><p>Sobald wir Ihre Anfrage und die angegebene E-Mail-Adresse \u00fcberpr\u00fcft haben, werden wir mit dem L\u00f6schungsprozess Ihres Benutzerkontos fortfahren. Beachten Sie bitte, dass dieser Vorgang einige Zeit in Anspruch nehmen kann, um sicherzustellen, dass Ihre Daten sicher und dauerhaft gel\u00f6scht werden.<\/p><p>Wir danken Ihnen f\u00fcr die Nutzung unserer Dienste und bedauern, dass Sie Ihr Benutzerkonto l\u00f6schen m\u00f6chten. Wenn Sie weitere Fragen oder Anliegen haben, z\u00f6gern Sie nicht, uns zu kontaktieren.<\/p>\t\t\t\t\t\t\t\t<\/div>\n\t\t\t\t<\/div>\n\t\t\t\t\t<\/div>\n\t\t<\/div>\n\t\t\t\t\t<\/div>\n\t\t<\/section>\n\t\t\t\t<\/div>\n\t\t","protected":false},"excerpt":{"rendered":"<p>Datenl\u00f6schung Um den L\u00f6schungsprozess zu starten, f\u00fcllen Sie bitte das oben stehende Feld aus und geben Sie Ihre registrierte E-Mail-Adresse an, die mit Ihrem Benutzerkonto verkn\u00fcpft ist. Bitte stellen Sie sicher, dass Sie die richtige E-Mail-Adresse angeben, da die L\u00f6schung des Kontos unwiderruflich ist und damit alle Ihre gespeicherten Daten, Einstellungen und Informationen gel\u00f6scht werden.\u00a0 [&hellip;]<\/p>\n","protected":false},"author":1,"featured_media":0,"parent":0,"menu_order":0,"comment_status":"closed","ping_status":"closed","template":"","meta":{"footnotes":""},"class_list":["post-8250","page","type-page","status-publish","hentry"],"_links":{"self":[{"href":"https:\/\/tousek.com\/pl\/wp-json\/wp\/v2\/pages\/8250","targetHints":{"allow":["GET"]}}],"collection":[{"href":"https:\/\/tousek.com\/pl\/wp-json\/wp\/v2\/pages"}],"about":[{"href":"https:\/\/tousek.com\/pl\/wp-json\/wp\/v2\/types\/page"}],"author":[{"embeddable":true,"href":"https:\/\/tousek.com\/pl\/wp-json\/wp\/v2\/users\/1"}],"replies":[{"embeddable":true,"href":"https:\/\/tousek.com\/pl\/wp-json\/wp\/v2\/comments?post=8250"}],"version-history":[{"count":7,"href":"https:\/\/tousek.com\/pl\/wp-json\/wp\/v2\/pages\/8250\/revisions"}],"predecessor-version":[{"id":8257,"href":"https:\/\/tousek.com\/pl\/wp-json\/wp\/v2\/pages\/8250\/revisions\/8257"}],"wp:attachment":[{"href":"https:\/\/tousek.com\/pl\/wp-json\/wp\/v2\/media?parent=8250"}],"curies":[{"name":"wp","href":"https:\/\/api.w.org\/{rel}","templated":true}]}}