{"id":5658,"date":"2020-09-24T10:30:37","date_gmt":"2020-09-24T10:30:37","guid":{"rendered":"https:\/\/tousek.com\/?page_id=5658"},"modified":"2024-08-05T08:29:29","modified_gmt":"2024-08-05T08:29:29","slug":"downloads-cloned-3549","status":"publish","type":"page","link":"https:\/\/tousek.com\/pl\/downloads-cloned-3549","title":{"rendered":"Download Instrukcje monta\u017cowe"},"content":{"rendered":"<div data-elementor-type=\"wp-page\" data-elementor-id=\"5658\" class=\"elementor elementor-5658\" data-elementor-post-type=\"page\">\n\t\t\t\t\t\t<section class=\"elementor-section elementor-top-section elementor-element elementor-element-1958ea8 elementor-section-boxed elementor-section-height-default elementor-section-height-default\" data-id=\"1958ea8\" data-element_type=\"section\" data-e-type=\"section\">\n\t\t\t\t\t\t<div class=\"elementor-container elementor-column-gap-no\">\n\t\t\t\t\t<div class=\"elementor-column elementor-col-100 elementor-top-column elementor-element elementor-element-da1f21f\" data-id=\"da1f21f\" data-element_type=\"column\" data-e-type=\"column\">\n\t\t\t<div class=\"elementor-widget-wrap elementor-element-populated\">\n\t\t\t\t\t\t<div class=\"elementor-element elementor-element-f3b9d5c elementor-widget elementor-widget-spacer\" data-id=\"f3b9d5c\" data-element_type=\"widget\" data-e-type=\"widget\" data-widget_type=\"spacer.default\">\n\t\t\t\t<div class=\"elementor-widget-container\">\n\t\t\t\t\t\t\t<div class=\"elementor-spacer\">\n\t\t\t<div class=\"elementor-spacer-inner\"><\/div>\n\t\t<\/div>\n\t\t\t\t\t\t<\/div>\n\t\t\t\t<\/div>\n\t\t\t\t<div class=\"elementor-element elementor-element-95f84bf elementor-widget elementor-widget-heading\" data-id=\"95f84bf\" data-element_type=\"widget\" data-e-type=\"widget\" data-widget_type=\"heading.default\">\n\t\t\t\t<div class=\"elementor-widget-container\">\n\t\t\t\t\t<h4 class=\"elementor-heading-title elementor-size-default\">Download Instrukcje monta\u017cowe<\/h4>\t\t\t\t<\/div>\n\t\t\t\t<\/div>\n\t\t\t\t<div class=\"elementor-element elementor-element-2370e77 notranslate elementor-widget elementor-widget-elementskit-simple-tab\" data-id=\"2370e77\" data-element_type=\"widget\" data-e-type=\"widget\" data-no-translation=\"\" data-widget_type=\"elementskit-simple-tab.default\">\n\t\t\t\t<div class=\"elementor-widget-container\">\n\t\t\t\t\t<div class=\"ekit-wid-con\" >        <div class=\"elementkit-tab-wraper\">\n            <ul class=\"nav nav-tabs elementkit-tab-nav  elementskit-fullwidth-tab\">\n                                    <li class=\"elementkit-nav-item elementor-repeater-item-d2a1d51\">\n                        <a class=\"elementkit-nav-link  active show left-pos\" id=\"content-d2a1d5169e33b173cdbe-tab\" data-ekit-handler-id=\"de\" data-ekit-toggle=\"tab\" data-target=\"#content-d2a1d5169e33b173cdbe\" href=\"#Content-d2a1d5169e33b173cdbe\"\n                            data-ekit-toggle-trigger=\"click\"\n                            aria-describedby=\"Content-d2a1d5169e33b173cdbe\">\n                            <div class=\"ekit-icon-image elementskit-tab-icon\"><img decoding=\"async\" width=\"18\" height=\"12\" src=\"https:\/\/tousek.com\/wp-content\/uploads\/2020\/07\/de_AT-1.png\" class=\"attachment-full size-full\" alt=\"\" \/><\/div>                            <span class=\"elementskit-tab-title\">DE<\/span>\n                        <\/a>\n                    <\/li>\n                                        <li class=\"elementkit-nav-item elementor-repeater-item-d98f032\">\n                        <a class=\"elementkit-nav-link  left-pos\" id=\"content-d98f03269e33b173cdbe-tab\" data-ekit-handler-id=\"en\" data-ekit-toggle=\"tab\" data-target=\"#content-d98f03269e33b173cdbe\" href=\"#Content-d98f03269e33b173cdbe\"\n                            data-ekit-toggle-trigger=\"click\"\n                            aria-describedby=\"Content-d98f03269e33b173cdbe\">\n                            <div class=\"ekit-icon-image elementskit-tab-icon\"><img decoding=\"async\" width=\"18\" height=\"12\" src=\"https:\/\/tousek.com\/wp-content\/uploads\/2020\/07\/en_GB.png\" class=\"attachment-full size-full\" alt=\"\" \/><\/div>                            <span class=\"elementskit-tab-title\">EN<\/span>\n                        <\/a>\n                    <\/li>\n                                        <li class=\"elementkit-nav-item elementor-repeater-item-7731aee\">\n                        <a class=\"elementkit-nav-link  left-pos\" id=\"content-7731aee69e33b173cdbe-tab\" data-ekit-handler-id=\"fr\" data-ekit-toggle=\"tab\" data-target=\"#content-7731aee69e33b173cdbe\" href=\"#Content-7731aee69e33b173cdbe\"\n                            data-ekit-toggle-trigger=\"click\"\n                            aria-describedby=\"Content-7731aee69e33b173cdbe\">\n                            <div class=\"ekit-icon-image elementskit-tab-icon\"><img decoding=\"async\" width=\"18\" height=\"12\" src=\"https:\/\/tousek.com\/wp-content\/uploads\/2020\/07\/fr_FR.png\" class=\"attachment-full size-full\" alt=\"\" \/><\/div>                            <span class=\"elementskit-tab-title\">FR<\/span>\n                        <\/a>\n                    <\/li>\n                                        <li class=\"elementkit-nav-item elementor-repeater-item-3d03f6c\">\n                        <a class=\"elementkit-nav-link  left-pos\" id=\"content-3d03f6c69e33b173cdbe-tab\" data-ekit-handler-id=\"pl\" data-ekit-toggle=\"tab\" data-target=\"#content-3d03f6c69e33b173cdbe\" href=\"#Content-3d03f6c69e33b173cdbe\"\n                            data-ekit-toggle-trigger=\"click\"\n                            aria-describedby=\"Content-3d03f6c69e33b173cdbe\">\n                            <div class=\"ekit-icon-image elementskit-tab-icon\"><img loading=\"lazy\" decoding=\"async\" width=\"18\" height=\"12\" src=\"https:\/\/tousek.com\/wp-content\/uploads\/2020\/07\/pl_PL.png\" class=\"attachment-full size-full\" alt=\"\" \/><\/div>                            <span class=\"elementskit-tab-title\">PL<\/span>\n                        <\/a>\n                    <\/li>\n                                        <li class=\"elementkit-nav-item elementor-repeater-item-9ff06bc\">\n                        <a class=\"elementkit-nav-link  left-pos\" id=\"content-9ff06bc69e33b173cdbe-tab\" data-ekit-handler-id=\"be\" data-ekit-toggle=\"tab\" data-target=\"#content-9ff06bc69e33b173cdbe\" href=\"#Content-9ff06bc69e33b173cdbe\"\n                            data-ekit-toggle-trigger=\"click\"\n                            aria-describedby=\"Content-9ff06bc69e33b173cdbe\">\n                            <div class=\"ekit-icon-image elementskit-tab-icon\"><img loading=\"lazy\" decoding=\"async\" width=\"36\" height=\"12\" src=\"https:\/\/tousek.com\/wp-content\/uploads\/2020\/09\/nl_BE.png\" class=\"attachment-full size-full\" alt=\"\" \/><\/div>                            <span class=\"elementskit-tab-title\">BE<\/span>\n                        <\/a>\n                    <\/li>\n                                <\/ul>\n\n            <div class=\"tab-content elementkit-tab-content\">\n                                    <div class=\"tab-pane elementkit-tab-pane elementor-repeater-item-d2a1d51  active show\" id=\"content-d2a1d5169e33b173cdbe\" role=\"tabpanel\"\n                         aria-labelledby=\"content-d2a1d5169e33b173cdbe-tab\">\n                        <div class=\"animated fadeIn\">\n                            <iframe src=\"https:\/\/tousek.com\/download\/nicht_l\u00f6schen\/index.php?lang=DE\" height=\"1900px\"><\/iframe>                        <\/div>\n                    <\/div>\n                                    <div class=\"tab-pane elementkit-tab-pane elementor-repeater-item-d98f032\" id=\"content-d98f03269e33b173cdbe\" role=\"tabpanel\"\n                         aria-labelledby=\"content-d98f03269e33b173cdbe-tab\">\n                        <div class=\"animated fadeIn\">\n                            <iframe src=\"https:\/\/tousek.com\/download\/nicht_l\u00f6schen\/index.php?lang=EN\" height=\"1600px\"><\/iframe>                        <\/div>\n                    <\/div>\n                                    <div class=\"tab-pane elementkit-tab-pane elementor-repeater-item-7731aee\" id=\"content-7731aee69e33b173cdbe\" role=\"tabpanel\"\n                         aria-labelledby=\"content-7731aee69e33b173cdbe-tab\">\n                        <div class=\"animated fadeIn\">\n                            <iframe src=\"https:\/\/tousek.com\/download\/nicht_l\u00f6schen\/index.php?lang=FR\" height=\"1300px\"><\/iframe>                        <\/div>\n                    <\/div>\n                                    <div class=\"tab-pane elementkit-tab-pane elementor-repeater-item-3d03f6c\" id=\"content-3d03f6c69e33b173cdbe\" role=\"tabpanel\"\n                         aria-labelledby=\"content-3d03f6c69e33b173cdbe-tab\">\n                        <div class=\"animated fadeIn\">\n                            <iframe src=\"https:\/\/tousek.com\/download\/nicht_l\u00f6schen\/index.php?lang=PL\" height=\"1400px\"><\/iframe>                        <\/div>\n                    <\/div>\n                                    <div class=\"tab-pane elementkit-tab-pane elementor-repeater-item-9ff06bc\" id=\"content-9ff06bc69e33b173cdbe\" role=\"tabpanel\"\n                         aria-labelledby=\"content-9ff06bc69e33b173cdbe-tab\">\n                        <div class=\"animated fadeIn\">\n                            <iframe src=\"https:\/\/tousek.com\/download\/nicht_l\u00f6schen\/index.php?lang=NL\" height=\"800px\"><\/iframe>                        <\/div>\n                    <\/div>\n                                \n            <\/div>\n                    <\/div>\n    <\/div>\t\t\t\t<\/div>\n\t\t\t\t<\/div>\n\t\t\t\t<div class=\"elementor-element elementor-element-d04ccc9 elementor-widget__width-auto elementor-widget elementor-widget-text-editor\" data-id=\"d04ccc9\" data-element_type=\"widget\" data-e-type=\"widget\" data-widget_type=\"text-editor.default\">\n\t\t\t\t<div class=\"elementor-widget-container\">\n\t\t\t\t\t\t\t\t\t<p>Brak instrukcji, kt\u00f3r\u0105 Pa\u0144stwo potrzebujecie? Nasz team ch\u0119tnie pomo\u017ce: <\/p>\t\t\t\t\t\t\t\t<\/div>\n\t\t\t\t<\/div>\n\t\t\t\t<div class=\"elementor-element elementor-element-cc48591 elementor-widget__width-auto elementor-widget elementor-widget-button\" data-id=\"cc48591\" data-element_type=\"widget\" data-e-type=\"widget\" data-widget_type=\"button.default\">\n\t\t\t\t<div class=\"elementor-widget-container\">\n\t\t\t\t\t<style>.elementor-element-cc48591{display:none !important}<\/style>\t\t\t\t<\/div>\n\t\t\t\t<\/div>\n\t\t\t\t<div class=\"elementor-element elementor-element-6c0c779 elementor-widget__width-auto elementor-widget elementor-widget-button\" data-id=\"6c0c779\" data-element_type=\"widget\" data-e-type=\"widget\" data-no-translation=\"\" data-widget_type=\"button.default\">\n\t\t\t\t<div class=\"elementor-widget-container\">\n\t\t\t\t\t\t\t\t\t<div class=\"elementor-button-wrapper\">\n\t\t\t\t\t<a class=\"elementor-button elementor-button-link elementor-size-sm\" href=\"mailto:info@tousek.pl\">\n\t\t\t\t\t\t<span class=\"elementor-button-content-wrapper\">\n\t\t\t\t\t\t\t\t\t<span class=\"elementor-button-text\">Wy\u015blij zapytanie<\/span>\n\t\t\t\t\t<\/span>\n\t\t\t\t\t<\/a>\n\t\t\t\t<\/div>\n\t\t\t\t\t\t\t\t<\/div>\n\t\t\t\t<\/div>\n\t\t\t\t\t<\/div>\n\t\t<\/div>\n\t\t\t\t\t<\/div>\n\t\t<\/section>\n\t\t\t\t<\/div>","protected":false},"excerpt":{"rendered":"<p>Download Montageanleitungen DE EN FR PL BE Wenn die von Ihnen gesuchte Anleitung nicht im Downloadbereich verf\u00fcgbar ist helfen Ihnen unsere Mitarbeiter gerne weiter. E-Mail Anfrage<\/p>","protected":false},"author":1,"featured_media":4723,"parent":0,"menu_order":0,"comment_status":"closed","ping_status":"closed","template":"elementor_header_footer","meta":{"footnotes":""},"class_list":["post-5658","page","type-page","status-publish","has-post-thumbnail","hentry"],"_links":{"self":[{"href":"https:\/\/tousek.com\/pl\/wp-json\/wp\/v2\/pages\/5658","targetHints":{"allow":["GET"]}}],"collection":[{"href":"https:\/\/tousek.com\/pl\/wp-json\/wp\/v2\/pages"}],"about":[{"href":"https:\/\/tousek.com\/pl\/wp-json\/wp\/v2\/types\/page"}],"author":[{"embeddable":true,"href":"https:\/\/tousek.com\/pl\/wp-json\/wp\/v2\/users\/1"}],"replies":[{"embeddable":true,"href":"https:\/\/tousek.com\/pl\/wp-json\/wp\/v2\/comments?post=5658"}],"version-history":[{"count":44,"href":"https:\/\/tousek.com\/pl\/wp-json\/wp\/v2\/pages\/5658\/revisions"}],"predecessor-version":[{"id":9431,"href":"https:\/\/tousek.com\/pl\/wp-json\/wp\/v2\/pages\/5658\/revisions\/9431"}],"wp:featuredmedia":[{"embeddable":true,"href":"https:\/\/tousek.com\/pl\/wp-json\/wp\/v2\/media\/4723"}],"wp:attachment":[{"href":"https:\/\/tousek.com\/pl\/wp-json\/wp\/v2\/media?parent=5658"}],"curies":[{"name":"wp","href":"https:\/\/api.w.org\/{rel}","templated":true}]}}