{"id":10471,"date":"2026-02-09T09:34:08","date_gmt":"2026-02-09T09:34:08","guid":{"rendered":"https:\/\/tousek.com\/?page_id=10471"},"modified":"2026-03-16T08:56:07","modified_gmt":"2026-03-16T08:56:07","slug":"tst100","status":"publish","type":"page","link":"https:\/\/tousek.com\/pl\/tst100","title":{"rendered":"TST100"},"content":{"rendered":"<div data-elementor-type=\"wp-page\" data-elementor-id=\"10471\" class=\"elementor elementor-10471\" data-elementor-post-type=\"page\">\n\t\t\t\t\t\t<section class=\"elementor-section elementor-top-section elementor-element elementor-element-5a8871a elementor-section-full_width elementor-section-height-min-height elementor-section-items-bottom elementor-section-height-default\" data-id=\"5a8871a\" data-element_type=\"section\" data-e-type=\"section\" data-settings=\"{&quot;background_background&quot;:&quot;classic&quot;}\">\n\t\t\t\t\t\t<div class=\"elementor-container elementor-column-gap-default\">\n\t\t\t\t\t<div class=\"elementor-column elementor-col-50 elementor-top-column elementor-element elementor-element-db991d3\" data-id=\"db991d3\" data-element_type=\"column\" data-e-type=\"column\">\n\t\t\t<div class=\"elementor-widget-wrap\">\n\t\t\t\t\t\t\t<\/div>\n\t\t<\/div>\n\t\t\t\t<div class=\"elementor-column elementor-col-50 elementor-top-column elementor-element elementor-element-e1a69ca\" data-id=\"e1a69ca\" data-element_type=\"column\" data-e-type=\"column\">\n\t\t\t<div class=\"elementor-widget-wrap elementor-element-populated\">\n\t\t\t\t\t\t<div class=\"elementor-element elementor-element-4fc32d9 elementor-hidden-mobile elementor-widget elementor-widget-heading\" data-id=\"4fc32d9\" data-element_type=\"widget\" data-e-type=\"widget\" data-widget_type=\"heading.default\">\n\t\t\t\t<div class=\"elementor-widget-container\">\n\t\t\t\t\t<h1 class=\"elementor-heading-title elementor-size-default\">Czujnik Ruchu TST100<\/h1>\t\t\t\t<\/div>\n\t\t\t\t<\/div>\n\t\t\t\t<div class=\"elementor-element elementor-element-1fb3cb3 elementor-hidden-desktop elementor-hidden-tablet elementor-widget elementor-widget-heading\" data-id=\"1fb3cb3\" data-element_type=\"widget\" data-e-type=\"widget\" data-widget_type=\"heading.default\">\n\t\t\t\t<div class=\"elementor-widget-container\">\n\t\t\t\t\t<h1 class=\"elementor-heading-title elementor-size-default\">Czujnik Ruchu TST100<\/h1>\t\t\t\t<\/div>\n\t\t\t\t<\/div>\n\t\t\t\t\t<\/div>\n\t\t<\/div>\n\t\t\t\t\t<\/div>\n\t\t<\/section>\n\t\t\t\t<section class=\"elementor-section elementor-top-section elementor-element elementor-element-7536b1fe elementor-section-boxed elementor-section-height-default elementor-section-height-default\" data-id=\"7536b1fe\" data-element_type=\"section\" data-e-type=\"section\">\n\t\t\t\t\t\t<div class=\"elementor-container elementor-column-gap-no\">\n\t\t\t\t\t<div class=\"elementor-column elementor-col-100 elementor-top-column elementor-element elementor-element-44489495\" data-id=\"44489495\" data-element_type=\"column\" data-e-type=\"column\">\n\t\t\t<div class=\"elementor-widget-wrap elementor-element-populated\">\n\t\t\t\t\t\t<div class=\"elementor-element elementor-element-947c5d1 elementor-widget elementor-widget-heading\" data-id=\"947c5d1\" data-element_type=\"widget\" data-e-type=\"widget\" data-widget_type=\"heading.default\">\n\t\t\t\t<div class=\"elementor-widget-container\">\n\t\t\t\t\t<h2 class=\"elementor-heading-title elementor-size-default\">Cechy | Zalety<\/h2>\t\t\t\t<\/div>\n\t\t\t\t<\/div>\n\t\t\t\t<div class=\"elementor-element elementor-element-46375854 elementor-widget-divider--view-line elementor-widget elementor-widget-divider\" data-id=\"46375854\" data-element_type=\"widget\" data-e-type=\"widget\" data-widget_type=\"divider.default\">\n\t\t\t\t<div class=\"elementor-widget-container\">\n\t\t\t\t\t\t\t<div class=\"elementor-divider\">\n\t\t\t<span class=\"elementor-divider-separator\">\n\t\t\t\t\t\t<\/span>\n\t\t<\/div>\n\t\t\t\t\t\t<\/div>\n\t\t\t\t<\/div>\n\t\t\t\t\t<\/div>\n\t\t<\/div>\n\t\t\t\t\t<\/div>\n\t\t<\/section>\n\t\t\t\t<section class=\"elementor-section elementor-top-section elementor-element elementor-element-d9058a8 elementor-section-boxed elementor-section-height-default elementor-section-height-default\" data-id=\"d9058a8\" data-element_type=\"section\" data-e-type=\"section\">\n\t\t\t\t\t\t<div class=\"elementor-container elementor-column-gap-default\">\n\t\t\t\t\t<div class=\"elementor-column elementor-col-50 elementor-top-column elementor-element elementor-element-569be58\" data-id=\"569be58\" data-element_type=\"column\" data-e-type=\"column\">\n\t\t\t<div class=\"elementor-widget-wrap elementor-element-populated\">\n\t\t\t\t\t\t<div class=\"elementor-element elementor-element-6fc7e7d elementor-widget elementor-widget-image\" data-id=\"6fc7e7d\" data-element_type=\"widget\" data-e-type=\"widget\" data-widget_type=\"image.default\">\n\t\t\t\t<div class=\"elementor-widget-container\">\n\t\t\t\t\t\t\t\t\t\t\t\t\t\t\t<img fetchpriority=\"high\" decoding=\"async\" width=\"500\" height=\"500\" src=\"https:\/\/tousek.com\/wp-content\/uploads\/2026\/02\/TST_download.webp\" class=\"attachment-full size-full wp-image-10473\" alt=\"\" srcset=\"https:\/\/tousek.com\/wp-content\/uploads\/2026\/02\/TST_download.webp 500w, https:\/\/tousek.com\/wp-content\/uploads\/2026\/02\/TST_download-300x300.webp 300w, https:\/\/tousek.com\/wp-content\/uploads\/2026\/02\/TST_download-150x150.webp 150w, https:\/\/tousek.com\/wp-content\/uploads\/2026\/02\/TST_download-12x12.webp 12w\" sizes=\"(max-width: 500px) 100vw, 500px\" \/>\t\t\t\t\t\t\t\t\t\t\t\t\t\t\t<\/div>\n\t\t\t\t<\/div>\n\t\t\t\t\t<\/div>\n\t\t<\/div>\n\t\t\t\t<div class=\"elementor-column elementor-col-50 elementor-top-column elementor-element elementor-element-025ae02\" data-id=\"025ae02\" data-element_type=\"column\" data-e-type=\"column\">\n\t\t\t<div class=\"elementor-widget-wrap elementor-element-populated\">\n\t\t\t\t\t\t<section class=\"elementor-section elementor-inner-section elementor-element elementor-element-be04c59 elementor-section-boxed elementor-section-height-default elementor-section-height-default\" data-id=\"be04c59\" data-element_type=\"section\" data-e-type=\"section\">\n\t\t\t\t\t\t<div class=\"elementor-container elementor-column-gap-default\">\n\t\t\t\t\t<div class=\"elementor-column elementor-col-100 elementor-inner-column elementor-element elementor-element-9d2c003\" data-id=\"9d2c003\" data-element_type=\"column\" data-e-type=\"column\">\n\t\t\t<div class=\"elementor-widget-wrap elementor-element-populated\">\n\t\t\t\t\t\t<div class=\"elementor-element elementor-element-61c5c10 elementor-widget elementor-widget-text-editor\" data-id=\"61c5c10\" data-element_type=\"widget\" data-e-type=\"widget\" data-widget_type=\"text-editor.default\">\n\t\t\t\t<div class=\"elementor-widget-container\">\n\t\t\t\t\t\t\t\t\t<ul><li>zasilanie: 12\/24V AC\/DC<\/li><li>obci\u0105\u017cenie kontakt\u00f3w: 42V\/0,5A<\/li><li>wysoko\u015b\u0107 monta\u017cu: min.2,0m do max.9,9m<\/li><li>zasi\u0119g: 0,9m do 30m regulowany<\/li><li>2 wyj\u015bcia (NO i NC)<\/li><li>kierunek ruchu: zbli\u017canie lub oddalanie lub obydwa<\/li><li>podtrzymanie kontaktu od 1 sek do 10 sek regulowane<\/li><li>ruch poprzeczny-optymalizacja, niereagowanie lub regulacja 3 stopniowa<\/li><li>niedopuszczony jako element bezpiecze\u0144stwa<\/li><\/ul>\t\t\t\t\t\t\t\t<\/div>\n\t\t\t\t<\/div>\n\t\t\t\t\t<\/div>\n\t\t<\/div>\n\t\t\t\t\t<\/div>\n\t\t<\/section>\n\t\t\t\t\t<\/div>\n\t\t<\/div>\n\t\t\t\t\t<\/div>\n\t\t<\/section>\n\t\t<div class=\"elementor-element elementor-element-62ff377 e-flex e-con-boxed e-con e-parent\" data-id=\"62ff377\" data-element_type=\"container\" data-e-type=\"container\">\n\t\t\t\t\t<div class=\"e-con-inner\">\n\t\t\t\t<div class=\"elementor-element elementor-element-4c7b7c8 elementor-hidden-mobile elementor-widget elementor-widget-image\" data-id=\"4c7b7c8\" data-element_type=\"widget\" data-e-type=\"widget\" data-widget_type=\"image.default\">\n\t\t\t\t<div class=\"elementor-widget-container\">\n\t\t\t\t\t\t\t\t\t\t\t\t\t\t\t<img decoding=\"async\" width=\"800\" height=\"355\" src=\"https:\/\/tousek.com\/wp-content\/uploads\/2026\/03\/winkel-1024x455.webp\" class=\"attachment-large size-large wp-image-10681\" alt=\"\" srcset=\"https:\/\/tousek.com\/wp-content\/uploads\/2026\/03\/winkel-1024x455.webp 1024w, https:\/\/tousek.com\/wp-content\/uploads\/2026\/03\/winkel-300x133.webp 300w, https:\/\/tousek.com\/wp-content\/uploads\/2026\/03\/winkel-768x341.webp 768w, https:\/\/tousek.com\/wp-content\/uploads\/2026\/03\/winkel-1536x682.webp 1536w, https:\/\/tousek.com\/wp-content\/uploads\/2026\/03\/winkel-18x8.webp 18w, https:\/\/tousek.com\/wp-content\/uploads\/2026\/03\/winkel.webp 1875w\" sizes=\"(max-width: 800px) 100vw, 800px\" \/>\t\t\t\t\t\t\t\t\t\t\t\t\t\t\t<\/div>\n\t\t\t\t<\/div>\n\t\t\t\t<div class=\"elementor-element elementor-element-6d0b87c elementor-hidden-desktop elementor-hidden-tablet elementor-widget elementor-widget-image\" data-id=\"6d0b87c\" data-element_type=\"widget\" data-e-type=\"widget\" data-widget_type=\"image.default\">\n\t\t\t\t<div class=\"elementor-widget-container\">\n\t\t\t\t\t\t\t\t\t\t\t\t\t\t\t<img decoding=\"async\" width=\"800\" height=\"800\" src=\"https:\/\/tousek.com\/wp-content\/uploads\/2026\/03\/winkel_mobil-1024x1024.webp\" class=\"attachment-large size-large wp-image-10683\" alt=\"\" srcset=\"https:\/\/tousek.com\/wp-content\/uploads\/2026\/03\/winkel_mobil-1024x1024.webp 1024w, https:\/\/tousek.com\/wp-content\/uploads\/2026\/03\/winkel_mobil-300x300.webp 300w, https:\/\/tousek.com\/wp-content\/uploads\/2026\/03\/winkel_mobil-150x150.webp 150w, https:\/\/tousek.com\/wp-content\/uploads\/2026\/03\/winkel_mobil-768x768.webp 768w, https:\/\/tousek.com\/wp-content\/uploads\/2026\/03\/winkel_mobil-12x12.webp 12w, https:\/\/tousek.com\/wp-content\/uploads\/2026\/03\/winkel_mobil.webp 1250w\" sizes=\"(max-width: 800px) 100vw, 800px\" \/>\t\t\t\t\t\t\t\t\t\t\t\t\t\t\t<\/div>\n\t\t\t\t<\/div>\n\t\t\t\t\t<\/div>\n\t\t\t\t<\/div>\n\t\t\t\t<section class=\"elementor-section elementor-top-section elementor-element elementor-element-6f903475 elementor-section-boxed elementor-section-height-default elementor-section-height-default\" data-id=\"6f903475\" data-element_type=\"section\" data-e-type=\"section\">\n\t\t\t\t\t\t<div class=\"elementor-container elementor-column-gap-default\">\n\t\t\t\t\t<div class=\"elementor-column elementor-col-100 elementor-top-column elementor-element elementor-element-43978bda\" data-id=\"43978bda\" data-element_type=\"column\" data-e-type=\"column\">\n\t\t\t<div class=\"elementor-widget-wrap elementor-element-populated\">\n\t\t\t\t\t\t<div class=\"elementor-element elementor-element-53ade3af elementor-widget elementor-widget-heading\" data-id=\"53ade3af\" data-element_type=\"widget\" data-e-type=\"widget\" data-widget_type=\"heading.default\">\n\t\t\t\t<div class=\"elementor-widget-container\">\n\t\t\t\t\t<h2 class=\"elementor-heading-title elementor-size-default\">Pobierz Aplikacje<\/h2>\t\t\t\t<\/div>\n\t\t\t\t<\/div>\n\t\t\t\t<div class=\"elementor-element elementor-element-5635600 elementor-widget-divider--view-line elementor-widget elementor-widget-divider\" data-id=\"5635600\" data-element_type=\"widget\" data-e-type=\"widget\" data-widget_type=\"divider.default\">\n\t\t\t\t<div class=\"elementor-widget-container\">\n\t\t\t\t\t\t\t<div class=\"elementor-divider\">\n\t\t\t<span class=\"elementor-divider-separator\">\n\t\t\t\t\t\t<\/span>\n\t\t<\/div>\n\t\t\t\t\t\t<\/div>\n\t\t\t\t<\/div>\n\t\t\t\t\t<\/div>\n\t\t<\/div>\n\t\t\t\t\t<\/div>\n\t\t<\/section>\n\t\t<div class=\"elementor-element elementor-element-08cbc0a e-flex e-con-boxed e-con e-parent\" data-id=\"08cbc0a\" data-element_type=\"container\" data-e-type=\"container\">\n\t\t\t\t\t<div class=\"e-con-inner\">\n\t\t<div class=\"elementor-element elementor-element-f259e74 e-con-full e-flex e-con e-child\" data-id=\"f259e74\" data-element_type=\"container\" data-e-type=\"container\">\n\t\t\t\t<div class=\"elementor-element elementor-element-85be03c elementor-widget elementor-widget-image\" data-id=\"85be03c\" data-element_type=\"widget\" data-e-type=\"widget\" data-widget_type=\"image.default\">\n\t\t\t\t<div class=\"elementor-widget-container\">\n\t\t\t\t\t\t\t\t\t\t\t\t\t\t\t<img loading=\"lazy\" decoding=\"async\" width=\"300\" height=\"600\" src=\"https:\/\/tousek.com\/wp-content\/uploads\/2026\/03\/app_screenshot_tst2.webp\" class=\"attachment-large size-large wp-image-10662\" alt=\"\" srcset=\"https:\/\/tousek.com\/wp-content\/uploads\/2026\/03\/app_screenshot_tst2.webp 300w, https:\/\/tousek.com\/wp-content\/uploads\/2026\/03\/app_screenshot_tst2-150x300.webp 150w, https:\/\/tousek.com\/wp-content\/uploads\/2026\/03\/app_screenshot_tst2-6x12.webp 6w\" sizes=\"(max-width: 300px) 100vw, 300px\" \/>\t\t\t\t\t\t\t\t\t\t\t\t\t\t\t<\/div>\n\t\t\t\t<\/div>\n\t\t\t\t<\/div>\n\t\t<div class=\"elementor-element elementor-element-7b3bb2a e-con-full e-flex e-con e-child\" data-id=\"7b3bb2a\" data-element_type=\"container\" data-e-type=\"container\">\n\t\t\t\t<div class=\"elementor-element elementor-element-2ce65bb elementor-widget elementor-widget-image\" data-id=\"2ce65bb\" data-element_type=\"widget\" data-e-type=\"widget\" data-widget_type=\"image.default\">\n\t\t\t\t<div class=\"elementor-widget-container\">\n\t\t\t\t\t\t\t\t\t\t\t\t\t\t\t<img loading=\"lazy\" decoding=\"async\" width=\"300\" height=\"600\" src=\"https:\/\/tousek.com\/wp-content\/uploads\/2026\/03\/app_screenshot_tst.webp\" class=\"attachment-large size-large wp-image-10647\" alt=\"\" srcset=\"https:\/\/tousek.com\/wp-content\/uploads\/2026\/03\/app_screenshot_tst.webp 300w, https:\/\/tousek.com\/wp-content\/uploads\/2026\/03\/app_screenshot_tst-150x300.webp 150w, https:\/\/tousek.com\/wp-content\/uploads\/2026\/03\/app_screenshot_tst-6x12.webp 6w\" sizes=\"(max-width: 300px) 100vw, 300px\" \/>\t\t\t\t\t\t\t\t\t\t\t\t\t\t\t<\/div>\n\t\t\t\t<\/div>\n\t\t\t\t<\/div>\n\t\t<div class=\"elementor-element elementor-element-f02092d e-con-full e-flex e-con e-child\" data-id=\"f02092d\" data-element_type=\"container\" data-e-type=\"container\">\n\t\t\t\t<div class=\"elementor-element elementor-element-4881694 elementor-widget elementor-widget-image\" data-id=\"4881694\" data-element_type=\"widget\" data-e-type=\"widget\" data-widget_type=\"image.default\">\n\t\t\t\t<div class=\"elementor-widget-container\">\n\t\t\t\t\t\t\t\t\t\t\t\t\t\t\t<img loading=\"lazy\" decoding=\"async\" width=\"300\" height=\"600\" src=\"https:\/\/tousek.com\/wp-content\/uploads\/2026\/03\/app_screenshot_tst1.webp\" class=\"attachment-large size-large wp-image-10648\" alt=\"\" srcset=\"https:\/\/tousek.com\/wp-content\/uploads\/2026\/03\/app_screenshot_tst1.webp 300w, https:\/\/tousek.com\/wp-content\/uploads\/2026\/03\/app_screenshot_tst1-150x300.webp 150w, https:\/\/tousek.com\/wp-content\/uploads\/2026\/03\/app_screenshot_tst1-6x12.webp 6w\" sizes=\"(max-width: 300px) 100vw, 300px\" \/>\t\t\t\t\t\t\t\t\t\t\t\t\t\t\t<\/div>\n\t\t\t\t<\/div>\n\t\t\t\t<\/div>\n\t\t<div class=\"elementor-element elementor-element-b1de634 e-con-full e-flex e-con e-child\" data-id=\"b1de634\" data-element_type=\"container\" data-e-type=\"container\">\n\t\t\t\t<div class=\"elementor-element elementor-element-2731efe elementor-widget elementor-widget-image\" data-id=\"2731efe\" data-element_type=\"widget\" data-e-type=\"widget\" data-widget_type=\"image.default\">\n\t\t\t\t<div class=\"elementor-widget-container\">\n\t\t\t\t\t\t\t\t\t\t\t\t\t\t\t<img loading=\"lazy\" decoding=\"async\" width=\"300\" height=\"600\" src=\"https:\/\/tousek.com\/wp-content\/uploads\/2026\/03\/app_screenshot_tst3.webp\" class=\"attachment-large size-large wp-image-10663\" alt=\"\" srcset=\"https:\/\/tousek.com\/wp-content\/uploads\/2026\/03\/app_screenshot_tst3.webp 300w, https:\/\/tousek.com\/wp-content\/uploads\/2026\/03\/app_screenshot_tst3-150x300.webp 150w, https:\/\/tousek.com\/wp-content\/uploads\/2026\/03\/app_screenshot_tst3-6x12.webp 6w\" sizes=\"(max-width: 300px) 100vw, 300px\" \/>\t\t\t\t\t\t\t\t\t\t\t\t\t\t\t<\/div>\n\t\t\t\t<\/div>\n\t\t\t\t<\/div>\n\t\t\t\t\t<\/div>\n\t\t\t\t<\/div>\n\t\t\t\t<section class=\"elementor-section elementor-top-section elementor-element elementor-element-25916a50 elementor-section-boxed elementor-section-height-default elementor-section-height-default\" data-id=\"25916a50\" data-element_type=\"section\" data-e-type=\"section\">\n\t\t\t\t\t\t<div class=\"elementor-container elementor-column-gap-default\">\n\t\t\t\t\t<div class=\"elementor-column elementor-col-100 elementor-top-column elementor-element elementor-element-4b74a13e\" data-id=\"4b74a13e\" data-element_type=\"column\" data-e-type=\"column\">\n\t\t\t<div class=\"elementor-widget-wrap elementor-element-populated\">\n\t\t\t\t\t\t<div class=\"elementor-element elementor-element-792a170c elementor-widget elementor-widget-text-editor\" data-id=\"792a170c\" data-element_type=\"widget\" data-e-type=\"widget\" data-widget_type=\"text-editor.default\">\n\t\t\t\t<div class=\"elementor-widget-container\">\n\t\t\t\t\t\t\t\t\t<p>W modelu TST 100 obszar detekcji radaru mo\u017cna wygodnie konfigurowa\u0107 za pomoc\u0105 aplikacji. Wystarczy wprowadzi\u0107 wysoko\u015b\u0107 monta\u017cu oraz pozycj\u0119 nad bram\u0105, a nast\u0119pnie za pomoc\u0105 intuicyjnych suwak\u00f3w dostosowa\u0107 \u017c\u0105dany obszar detekcji. Dzi\u0119ki temu ustawienia detekcji mo\u017cna szybko i precyzyjnie dopasowa\u0107 do indywidualnych potrzeb.<\/p>\t\t\t\t\t\t\t\t<\/div>\n\t\t\t\t<\/div>\n\t\t\t\t\t<\/div>\n\t\t<\/div>\n\t\t\t\t\t<\/div>\n\t\t<\/section>\n\t\t\t\t<section class=\"elementor-section elementor-top-section elementor-element elementor-element-42badd79 elementor-section-boxed elementor-section-height-default elementor-section-height-default\" data-id=\"42badd79\" data-element_type=\"section\" data-e-type=\"section\">\n\t\t\t\t\t\t<div class=\"elementor-container elementor-column-gap-default\">\n\t\t\t\t\t<div class=\"elementor-column elementor-col-50 elementor-top-column elementor-element elementor-element-4bb527a6\" data-id=\"4bb527a6\" data-element_type=\"column\" data-e-type=\"column\">\n\t\t\t<div class=\"elementor-widget-wrap elementor-element-populated\">\n\t\t\t\t\t\t<div class=\"elementor-element elementor-element-1803d183 elementor-widget elementor-widget-image\" data-id=\"1803d183\" data-element_type=\"widget\" data-e-type=\"widget\" data-widget_type=\"image.default\">\n\t\t\t\t<div class=\"elementor-widget-container\">\n\t\t\t\t\t\t\t\t\t\t\t\t\t\t\t\t<a href=\"https:\/\/apps.apple.com\/ch\/app\/tousek-tst100\/id6448426822\" target=\"_blank\">\n\t\t\t\t\t\t\t<img loading=\"lazy\" decoding=\"async\" width=\"330\" height=\"100\" src=\"https:\/\/tousek.com\/wp-content\/uploads\/2026\/02\/tst100_APPLE_store.webp\" class=\"attachment-large size-large wp-image-10498\" alt=\"\" srcset=\"https:\/\/tousek.com\/wp-content\/uploads\/2026\/02\/tst100_APPLE_store.webp 330w, https:\/\/tousek.com\/wp-content\/uploads\/2026\/02\/tst100_APPLE_store-300x91.webp 300w, https:\/\/tousek.com\/wp-content\/uploads\/2026\/02\/tst100_APPLE_store-18x5.webp 18w\" sizes=\"(max-width: 330px) 100vw, 330px\" \/>\t\t\t\t\t\t\t\t<\/a>\n\t\t\t\t\t\t\t\t\t\t\t\t\t\t\t<\/div>\n\t\t\t\t<\/div>\n\t\t\t\t\t<\/div>\n\t\t<\/div>\n\t\t\t\t<div class=\"elementor-column elementor-col-50 elementor-top-column elementor-element elementor-element-6b7bc895\" data-id=\"6b7bc895\" data-element_type=\"column\" data-e-type=\"column\">\n\t\t\t<div class=\"elementor-widget-wrap elementor-element-populated\">\n\t\t\t\t\t\t<div class=\"elementor-element elementor-element-704b8263 elementor-widget elementor-widget-image\" data-id=\"704b8263\" data-element_type=\"widget\" data-e-type=\"widget\" data-widget_type=\"image.default\">\n\t\t\t\t<div class=\"elementor-widget-container\">\n\t\t\t\t\t\t\t\t\t\t\t\t\t\t\t\t<a href=\"https:\/\/play.google.com\/store\/apps\/details?id=com.tousek.tstradar&#038;hl=de_AT\" target=\"_blank\">\n\t\t\t\t\t\t\t<img loading=\"lazy\" decoding=\"async\" width=\"330\" height=\"100\" src=\"https:\/\/tousek.com\/wp-content\/uploads\/2026\/02\/tst100_PLAY_store.webp\" class=\"attachment-large size-large wp-image-10499\" alt=\"\" srcset=\"https:\/\/tousek.com\/wp-content\/uploads\/2026\/02\/tst100_PLAY_store.webp 330w, https:\/\/tousek.com\/wp-content\/uploads\/2026\/02\/tst100_PLAY_store-300x91.webp 300w, https:\/\/tousek.com\/wp-content\/uploads\/2026\/02\/tst100_PLAY_store-18x5.webp 18w\" sizes=\"(max-width: 330px) 100vw, 330px\" \/>\t\t\t\t\t\t\t\t<\/a>\n\t\t\t\t\t\t\t\t\t\t\t\t\t\t\t<\/div>\n\t\t\t\t<\/div>\n\t\t\t\t\t<\/div>\n\t\t<\/div>\n\t\t\t\t\t<\/div>\n\t\t<\/section>\n\t\t\t\t<section class=\"elementor-section elementor-top-section elementor-element elementor-element-e8860c4 elementor-section-boxed elementor-section-height-default elementor-section-height-default\" data-id=\"e8860c4\" data-element_type=\"section\" data-e-type=\"section\">\n\t\t\t\t\t\t<div class=\"elementor-container elementor-column-gap-default\">\n\t\t\t\t\t<div class=\"elementor-column elementor-col-100 elementor-top-column elementor-element elementor-element-6e24381\" data-id=\"6e24381\" data-element_type=\"column\" data-e-type=\"column\">\n\t\t\t<div class=\"elementor-widget-wrap elementor-element-populated\">\n\t\t\t\t\t\t<div class=\"elementor-element elementor-element-5bfc55c elementor-widget-divider--view-line elementor-widget elementor-widget-divider\" data-id=\"5bfc55c\" data-element_type=\"widget\" data-e-type=\"widget\" data-widget_type=\"divider.default\">\n\t\t\t\t<div class=\"elementor-widget-container\">\n\t\t\t\t\t\t\t<div class=\"elementor-divider\">\n\t\t\t<span class=\"elementor-divider-separator\">\n\t\t\t\t\t\t<\/span>\n\t\t<\/div>\n\t\t\t\t\t\t<\/div>\n\t\t\t\t<\/div>\n\t\t\t\t<div class=\"elementor-element elementor-element-24db569 elementor-widget elementor-widget-heading\" data-id=\"24db569\" data-element_type=\"widget\" data-e-type=\"widget\" data-widget_type=\"heading.default\">\n\t\t\t\t<div class=\"elementor-widget-container\">\n\t\t\t\t\t<h2 class=\"elementor-heading-title elementor-size-default\">Dokumentacja &amp; Downloads<\/h2>\t\t\t\t<\/div>\n\t\t\t\t<\/div>\n\t\t\t\t<div class=\"elementor-element elementor-element-63c5113 elementor-hidden-desktop elementor-hidden-tablet elementor-widget elementor-widget-image\" data-id=\"63c5113\" data-element_type=\"widget\" data-e-type=\"widget\" data-widget_type=\"image.default\">\n\t\t\t\t<div class=\"elementor-widget-container\">\n\t\t\t\t\t\t\t\t\t\t\t\t\t\t\t<img loading=\"lazy\" decoding=\"async\" width=\"300\" height=\"300\" src=\"https:\/\/tousek.com\/wp-content\/uploads\/2026\/02\/TST_download-300x300.webp\" class=\"attachment-medium size-medium wp-image-10473\" alt=\"\" srcset=\"https:\/\/tousek.com\/wp-content\/uploads\/2026\/02\/TST_download-300x300.webp 300w, https:\/\/tousek.com\/wp-content\/uploads\/2026\/02\/TST_download-150x150.webp 150w, https:\/\/tousek.com\/wp-content\/uploads\/2026\/02\/TST_download-12x12.webp 12w, https:\/\/tousek.com\/wp-content\/uploads\/2026\/02\/TST_download.webp 500w\" sizes=\"(max-width: 300px) 100vw, 300px\" \/>\t\t\t\t\t\t\t\t\t\t\t\t\t\t\t<\/div>\n\t\t\t\t<\/div>\n\t\t\t\t\t<\/div>\n\t\t<\/div>\n\t\t\t\t\t<\/div>\n\t\t<\/section>\n\t\t\t\t<\/div>","protected":false},"excerpt":{"rendered":"<p>Bewegungsmelder TST100 Bewegungsmelder TST100 Merkmale | Vorteile Versorgung: 12\/24V AC\/DC Kontaktbelastung Ausg\u00e4nge: 42V und 0,5A Montageh\u00f6he: min. 2,0m bis max. 9,9m Reichweite: 0,9m bis 30m einstellbar Zwei Ausg\u00e4nge (Schlie\u00dfer oder \u00d6ffner) Bewegungsrichtung: Ann\u00e4herung oder Zur\u00fcck oder beide Richtungen Haltezeit des Kontaktes von 1s bis 10s einstellbar Querverkehr-Optimierung, ausblenden bzw. in 3 Stufen anpassbar Nicht als [&hellip;]<\/p>\n","protected":false},"author":1,"featured_media":0,"parent":0,"menu_order":0,"comment_status":"closed","ping_status":"closed","template":"","meta":{"footnotes":""},"class_list":["post-10471","page","type-page","status-publish","hentry"],"_links":{"self":[{"href":"https:\/\/tousek.com\/pl\/wp-json\/wp\/v2\/pages\/10471","targetHints":{"allow":["GET"]}}],"collection":[{"href":"https:\/\/tousek.com\/pl\/wp-json\/wp\/v2\/pages"}],"about":[{"href":"https:\/\/tousek.com\/pl\/wp-json\/wp\/v2\/types\/page"}],"author":[{"embeddable":true,"href":"https:\/\/tousek.com\/pl\/wp-json\/wp\/v2\/users\/1"}],"replies":[{"embeddable":true,"href":"https:\/\/tousek.com\/pl\/wp-json\/wp\/v2\/comments?post=10471"}],"version-history":[{"count":94,"href":"https:\/\/tousek.com\/pl\/wp-json\/wp\/v2\/pages\/10471\/revisions"}],"predecessor-version":[{"id":10686,"href":"https:\/\/tousek.com\/pl\/wp-json\/wp\/v2\/pages\/10471\/revisions\/10686"}],"wp:attachment":[{"href":"https:\/\/tousek.com\/pl\/wp-json\/wp\/v2\/media?parent=10471"}],"curies":[{"name":"wp","href":"https:\/\/api.w.org\/{rel}","templated":true}]}}