{"id":7600,"date":"2023-05-03T11:31:42","date_gmt":"2023-05-03T11:31:42","guid":{"rendered":"https:\/\/tousek.com\/?page_id=7600"},"modified":"2026-03-02T07:46:00","modified_gmt":"2026-03-02T07:46:00","slug":"jobs","status":"publish","type":"page","link":"https:\/\/tousek.com\/en\/jobs","title":{"rendered":"Jobs"},"content":{"rendered":"<div data-elementor-type=\"wp-page\" data-elementor-id=\"7600\" class=\"elementor elementor-7600\" data-elementor-post-type=\"page\">\n\t\t\t\t\t\t<section class=\"elementor-section elementor-top-section elementor-element elementor-element-6db39e3 elementor-section-full_width elementor-section-height-min-height elementor-section-items-bottom elementor-section-height-default\" data-id=\"6db39e3\" data-element_type=\"section\" data-e-type=\"section\" data-settings=\"{&quot;background_background&quot;:&quot;classic&quot;}\">\n\t\t\t\t\t\t<div class=\"elementor-container elementor-column-gap-default\">\n\t\t\t\t\t<div class=\"elementor-column elementor-col-50 elementor-top-column elementor-element elementor-element-aca7f9e\" data-id=\"aca7f9e\" data-element_type=\"column\" data-e-type=\"column\">\n\t\t\t<div class=\"elementor-widget-wrap elementor-element-populated\">\n\t\t\t\t\t\t<div class=\"elementor-element elementor-element-d4bdbc2 elementor-widget elementor-widget-heading\" data-id=\"d4bdbc2\" data-element_type=\"widget\" data-e-type=\"widget\" data-widget_type=\"heading.default\">\n\t\t\t\t<div class=\"elementor-widget-container\">\n\t\t\t\t\t<h1 class=\"elementor-heading-title elementor-size-default\">Karriere starten!<\/h1>\t\t\t\t<\/div>\n\t\t\t\t<\/div>\n\t\t\t\t<div class=\"elementor-element elementor-element-da93dc5 elementor-widget elementor-widget-text-editor\" data-id=\"da93dc5\" data-element_type=\"widget\" data-e-type=\"widget\" data-widget_type=\"text-editor.default\">\n\t\t\t\t<div class=\"elementor-widget-container\">\n\t\t\t\t\t\t\t\t\t<p>Werde Teil eines gro\u00dfartigen Teams<\/p>\t\t\t\t\t\t\t\t<\/div>\n\t\t\t\t<\/div>\n\t\t\t\t\t<\/div>\n\t\t<\/div>\n\t\t\t\t<div class=\"elementor-column elementor-col-50 elementor-top-column elementor-element elementor-element-76b3321 elementor-hidden-tablet elementor-hidden-mobile\" data-id=\"76b3321\" data-element_type=\"column\" data-e-type=\"column\">\n\t\t\t<div class=\"elementor-widget-wrap\">\n\t\t\t\t\t\t\t<\/div>\n\t\t<\/div>\n\t\t\t\t\t<\/div>\n\t\t<\/section>\n\t\t\t\t<section class=\"elementor-section elementor-top-section elementor-element elementor-element-7c796d7 elementor-section-boxed elementor-section-height-default elementor-section-height-default\" data-id=\"7c796d7\" data-element_type=\"section\" data-e-type=\"section\">\n\t\t\t\t\t\t<div class=\"elementor-container elementor-column-gap-default\">\n\t\t\t\t\t<div class=\"elementor-column elementor-col-100 elementor-top-column elementor-element elementor-element-95ec93c\" data-id=\"95ec93c\" data-element_type=\"column\" data-e-type=\"column\">\n\t\t\t<div class=\"elementor-widget-wrap elementor-element-populated\">\n\t\t\t\t\t\t<div class=\"elementor-element elementor-element-457dd7a elementor-widget elementor-widget-spacer\" data-id=\"457dd7a\" data-element_type=\"widget\" data-e-type=\"widget\" data-widget_type=\"spacer.default\">\n\t\t\t\t<div class=\"elementor-widget-container\">\n\t\t\t\t\t\t\t<div class=\"elementor-spacer\">\n\t\t\t<div class=\"elementor-spacer-inner\"><\/div>\n\t\t<\/div>\n\t\t\t\t\t\t<\/div>\n\t\t\t\t<\/div>\n\t\t\t\t\t<\/div>\n\t\t<\/div>\n\t\t\t\t\t<\/div>\n\t\t<\/section>\n\t\t\t\t<\/div>","protected":false},"excerpt":{"rendered":"<p>Karriere starten! Werde Teil eines gro\u00dfartigen Teams Produktion Entwicklung elektron. Verkauf Entwicklung mechan. Sachbearbeitung Einkauf Vertrieb Elektronische Entwicklung Konstrukteur:in f\u00fcr Produktentwicklung &amp; Projektmanagement Verkauf\/Vertrieb Lagerist Produktionsmitarbeiter Produktionsplanung Elektronische Reparatur Als engagierte Pers\u00f6nlichkeit, die unser Team verst\u00e4rkt, sind Sie Schnittstelle zu unseren Kunden und tragen ma\u00dfgeblich zur Kundenzufriedenheit bei! mehr Produktion Als engagierte Pers\u00f6nlichkeit, die unser [&hellip;]<\/p>\n","protected":false},"author":1,"featured_media":0,"parent":0,"menu_order":0,"comment_status":"closed","ping_status":"closed","template":"","meta":{"footnotes":""},"class_list":["post-7600","page","type-page","status-publish","hentry"],"_links":{"self":[{"href":"https:\/\/tousek.com\/en\/wp-json\/wp\/v2\/pages\/7600","targetHints":{"allow":["GET"]}}],"collection":[{"href":"https:\/\/tousek.com\/en\/wp-json\/wp\/v2\/pages"}],"about":[{"href":"https:\/\/tousek.com\/en\/wp-json\/wp\/v2\/types\/page"}],"author":[{"embeddable":true,"href":"https:\/\/tousek.com\/en\/wp-json\/wp\/v2\/users\/1"}],"replies":[{"embeddable":true,"href":"https:\/\/tousek.com\/en\/wp-json\/wp\/v2\/comments?post=7600"}],"version-history":[{"count":423,"href":"https:\/\/tousek.com\/en\/wp-json\/wp\/v2\/pages\/7600\/revisions"}],"predecessor-version":[{"id":10623,"href":"https:\/\/tousek.com\/en\/wp-json\/wp\/v2\/pages\/7600\/revisions\/10623"}],"wp:attachment":[{"href":"https:\/\/tousek.com\/en\/wp-json\/wp\/v2\/media?parent=7600"}],"curies":[{"name":"wp","href":"https:\/\/api.w.org\/{rel}","templated":true}]}}