{"id":21,"date":"2020-05-18T13:35:19","date_gmt":"2020-05-18T13:35:19","guid":{"rendered":"http:\/\/tousekat.srv268.adino.at\/?page_id=21"},"modified":"2026-03-02T07:35:22","modified_gmt":"2026-03-02T07:35:22","slug":"unternehmen","status":"publish","type":"page","link":"https:\/\/tousek.com\/en\/unternehmen","title":{"rendered":"Company"},"content":{"rendered":"\t\t<div data-elementor-type=\"wp-page\" data-elementor-id=\"21\" class=\"elementor elementor-21\" data-elementor-post-type=\"page\">\n\t\t\t\t\t\t<section class=\"elementor-section elementor-top-section elementor-element elementor-element-3e2c796 elementor-section-full_width elementor-section-height-min-height elementor-section-items-bottom elementor-section-height-default\" data-id=\"3e2c796\" data-element_type=\"section\" data-e-type=\"section\" data-settings=\"{&quot;background_background&quot;:&quot;classic&quot;}\">\n\t\t\t\t\t\t<div class=\"elementor-container elementor-column-gap-default\">\n\t\t\t\t\t<div class=\"elementor-column elementor-col-50 elementor-top-column elementor-element elementor-element-8e53e31\" data-id=\"8e53e31\" data-element_type=\"column\" data-e-type=\"column\">\n\t\t\t<div class=\"elementor-widget-wrap elementor-element-populated\">\n\t\t\t\t\t\t<div class=\"elementor-element elementor-element-15b5a7c elementor-widget elementor-widget-heading\" data-id=\"15b5a7c\" data-element_type=\"widget\" data-e-type=\"widget\" data-widget_type=\"heading.default\">\n\t\t\t\t<div class=\"elementor-widget-container\">\n\t\t\t\t\t<h1 class=\"elementor-heading-title elementor-size-default\">UNTERNEHMEN<\/h1>\t\t\t\t<\/div>\n\t\t\t\t<\/div>\n\t\t\t\t\t<\/div>\n\t\t<\/div>\n\t\t\t\t<div class=\"elementor-column elementor-col-50 elementor-top-column elementor-element elementor-element-7a29ef9\" data-id=\"7a29ef9\" data-element_type=\"column\" data-e-type=\"column\">\n\t\t\t<div class=\"elementor-widget-wrap\">\n\t\t\t\t\t\t\t<\/div>\n\t\t<\/div>\n\t\t\t\t\t<\/div>\n\t\t<\/section>\n\t\t\t\t<section class=\"elementor-section elementor-top-section elementor-element elementor-element-26195095 elementor-section-boxed elementor-section-height-default elementor-section-height-default\" data-id=\"26195095\" data-element_type=\"section\" data-e-type=\"section\">\n\t\t\t\t\t\t<div class=\"elementor-container elementor-column-gap-default\">\n\t\t\t\t\t<div class=\"elementor-column elementor-col-100 elementor-top-column elementor-element elementor-element-313b38cd\" data-id=\"313b38cd\" data-element_type=\"column\" data-e-type=\"column\">\n\t\t\t<div class=\"elementor-widget-wrap elementor-element-populated\">\n\t\t\t\t\t\t<div class=\"elementor-element elementor-element-72e9f1de elementor-widget elementor-widget-heading\" data-id=\"72e9f1de\" data-element_type=\"widget\" data-e-type=\"widget\" id=\"merk_vort\" data-widget_type=\"heading.default\">\n\t\t\t\t<div class=\"elementor-widget-container\">\n\t\t\t\t\t<h2 class=\"elementor-heading-title elementor-size-default\">Geschichte<\/h2>\t\t\t\t<\/div>\n\t\t\t\t<\/div>\n\t\t\t\t\t<\/div>\n\t\t<\/div>\n\t\t\t\t\t<\/div>\n\t\t<\/section>\n\t\t\t\t<section class=\"elementor-section elementor-top-section elementor-element elementor-element-48d66d36 elementor-section-boxed elementor-section-height-default elementor-section-height-default\" data-id=\"48d66d36\" data-element_type=\"section\" data-e-type=\"section\">\n\t\t\t\t\t\t<div class=\"elementor-container elementor-column-gap-no\">\n\t\t\t\t\t<div class=\"elementor-column elementor-col-50 elementor-top-column elementor-element elementor-element-13b5080e\" data-id=\"13b5080e\" data-element_type=\"column\" data-e-type=\"column\">\n\t\t\t<div class=\"elementor-widget-wrap elementor-element-populated\">\n\t\t\t\t\t\t<div class=\"elementor-element elementor-element-a440dff elementor-widget elementor-widget-text-editor\" data-id=\"a440dff\" data-element_type=\"widget\" data-e-type=\"widget\" data-widget_type=\"text-editor.default\">\n\t\t\t\t<div class=\"elementor-widget-container\">\n\t\t\t\t\t\t\t\t\t<p>Als einer der Vorreiter in der Branche legte Eduard Tousek 1974 mit der Gr\u00fcndung der tousek Torantriebe \u00d6sterreich den Grundstein der heute bestehenden Unternehmensgruppe. Bereits im Jahre 1988 wurde das urspr\u00fcngliche Einzelunternehmen in eine Gesellschaft mit beschr\u00e4nkter Haftung umgewandelt. Nur drei Jahre sp\u00e4ter erfolgte die Niederlassungsgr\u00fcndung in Deutschland.<\/p><p>In den Folgejahren wurde die Strategie der kontinuierlichen Standorterweiterung sowie der Innovationsf\u00fchrerschaft in der Torantriebstechnik erfolgreich fortgesetzt:<\/p><ul><li><p><strong>1993<\/strong> wurde in Prag die erste Niederlassung au\u00dferhalb des deutschsprachigen Raumes er\u00f6ffnet.<\/p><\/li><li><p><strong>1998<\/strong> wird das Sortiment mit der Einf\u00fchrung von freitragenden Laufwerken f\u00fcr Schiebetore erweitert.<\/p><\/li><li><p><strong>2001<\/strong> folgte die Gr\u00fcndung der polnischen Gesch\u00e4ftsstelle.<\/p><\/li><li><p><strong>2003<\/strong> wird das Aluminium-Laufwerk LWA115 im Rahmen der Messe R+T Stuttgart mit dem Innovationspreis unter anderem f\u00fcr die einschiebbare Zahnstange ausgezeichnet.<\/p><\/li><li><p><strong>2004<\/strong> f\u00fchrt tousek als erster Hersteller eine zweizeilige Display-Steuerung mit mehrsprachigem Klartextmen\u00fc ein. Dadurch beginnt eine neue \u00c4ra an Bedienungskomfort, welche bis heute noch einzigartig ist.<\/p><\/li><\/ul>\t\t\t\t\t\t\t\t<\/div>\n\t\t\t\t<\/div>\n\t\t\t\t\t<\/div>\n\t\t<\/div>\n\t\t\t\t<div class=\"elementor-column elementor-col-50 elementor-top-column elementor-element elementor-element-9f0850f\" data-id=\"9f0850f\" data-element_type=\"column\" data-e-type=\"column\">\n\t\t\t<div class=\"elementor-widget-wrap elementor-element-populated\">\n\t\t\t\t\t\t<div class=\"elementor-element elementor-element-86cd1d8 elementor-widget elementor-widget-text-editor\" data-id=\"86cd1d8\" data-element_type=\"widget\" data-e-type=\"widget\" data-widget_type=\"text-editor.default\">\n\t\t\t\t<div class=\"elementor-widget-container\">\n\t\t\t\t\t\t\t\t\t<p>\u00a0<\/p><ul><li><strong>2005<\/strong> \u00fcbersiedelte tousek Deutschland in den neuen eigenen Standort.<\/li><li><p><strong>2006<\/strong> werden alle Antriebe mit Display-Steuerungen ausgeliefert.<\/p><\/li><li><p><strong>2010<\/strong> wird die Serie der PULL T Schiebetorantriebe mit neuer und hochsensibler Sensorik f\u00fcr ein Maximum an Sicherheit \u2013 gepr\u00fcft und best\u00e4tigt durch den T\u00dcV-S\u00fcd &#8211; ausgestattet.<\/p><\/li><li><p><strong>2010<\/strong> \u00fcbersiedelte tousek Polen in den neuen eigenen Standort.<\/p><\/li><li><p><strong>2012<\/strong> wurde der bestehende Firmensitz in \u00d6sterreich modernisiert und mit weiteren Kapazit\u00e4ten ausgebaut.<\/p><\/li><li><p><strong>2014<\/strong> tousek feiert 40 Jahre Erfolgsgeschichte.<\/p><\/li><li><b>2015<\/b> wurde tousek BeNeLux gegr\u00fcndet<\/li><li><strong>2019<\/strong> \u00fcbersiedelte tousek Tschechien in einen neuen Standort<\/li><li><p class=\"x_MsoNormal\"><span data-olk-copy-source=\"MessageBody\"><strong>2022<\/strong> Gr\u00fcndung Tousek GmbH Schweiz<\/span><\/p><\/li><\/ul><p>Seit Beginn der Gesch\u00e4ftst\u00e4tigkeiten beliefert die Tousek Unternehmensgruppe ausschlie\u00dflich den Fachhandel. Dieser engen Partnerschaft verdanken wir unseren best\u00e4ndigen Erfolg. Heute besch\u00e4ftigt die tousek Unternehmensgruppe europaweit mehr als 100 Mitarbeiter.<\/p>\t\t\t\t\t\t\t\t<\/div>\n\t\t\t\t<\/div>\n\t\t\t\t\t<\/div>\n\t\t<\/div>\n\t\t\t\t\t<\/div>\n\t\t<\/section>\n\t\t\t\t<section class=\"elementor-section elementor-top-section elementor-element elementor-element-8a7c020 elementor-section-boxed elementor-section-height-default elementor-section-height-default\" data-id=\"8a7c020\" data-element_type=\"section\" data-e-type=\"section\">\n\t\t\t\t\t\t<div class=\"elementor-container elementor-column-gap-default\">\n\t\t\t\t\t<div class=\"elementor-column elementor-col-100 elementor-top-column elementor-element elementor-element-17fdb09\" data-id=\"17fdb09\" data-element_type=\"column\" data-e-type=\"column\">\n\t\t\t<div class=\"elementor-widget-wrap elementor-element-populated\">\n\t\t\t\t\t\t<div class=\"elementor-element elementor-element-6145f133 elementor-widget elementor-widget-heading\" data-id=\"6145f133\" data-element_type=\"widget\" data-e-type=\"widget\" data-widget_type=\"heading.default\">\n\t\t\t\t<div class=\"elementor-widget-container\">\n\t\t\t\t\t<h2 class=\"elementor-heading-title elementor-size-default\">Die Produkte<\/h2>\t\t\t\t<\/div>\n\t\t\t\t<\/div>\n\t\t\t\t<div class=\"elementor-element elementor-element-7ad1f46 elementor-widget elementor-widget-text-editor\" data-id=\"7ad1f46\" data-element_type=\"widget\" data-e-type=\"widget\" data-widget_type=\"text-editor.default\">\n\t\t\t\t<div class=\"elementor-widget-container\">\n\t\t\t\t\t\t\t\t\t<p>Die Zufriedenheit unserer Kunden ist der Ma\u00dfstab f\u00fcr unsere Arbeit. Deshalb richten sich die Anforderungen an unsere Produkte in erster Linie an \u00fcberdurchschnittlich lange Lebensdauer, modernste Technik und einfachste Bedienung. Unser Anspruch geht dabei weit \u00fcber reine Ma\u00dfgenauigkeit und Funktion hinaus. St\u00e4ndige Analysen und Kontrollen im Warenein- und \u2013 ausgang bilden die Kernelemente unseres Qualit\u00e4tssystems. Eine Philosophie, die funktioniert und uns Recht gibt, denn unsere Produkte werden auf der ganzen Welt mehr als nur gesch\u00e4tzt.<\/p>\t\t\t\t\t\t\t\t<\/div>\n\t\t\t\t<\/div>\n\t\t\t\t<div class=\"elementor-element elementor-element-13906c5f elementor-widget elementor-widget-heading\" data-id=\"13906c5f\" data-element_type=\"widget\" data-e-type=\"widget\" data-widget_type=\"heading.default\">\n\t\t\t\t<div class=\"elementor-widget-container\">\n\t\t\t\t\t<h2 class=\"elementor-heading-title elementor-size-default\">Das Unternehmen<\/h2>\t\t\t\t<\/div>\n\t\t\t\t<\/div>\n\t\t\t\t<div class=\"elementor-element elementor-element-1f3ab25 elementor-widget elementor-widget-text-editor\" data-id=\"1f3ab25\" data-element_type=\"widget\" data-e-type=\"widget\" data-widget_type=\"text-editor.default\">\n\t\t\t\t<div class=\"elementor-widget-container\">\n\t\t\t\t\t\t\t\t\t<p>Neben der kontinuierlicher Innovation steht vor allem ein Maximum an Kundennutzen im Vordergrund unserer T\u00e4tigkeit. Aufgrund kurzer und schneller Kommunikationswege zwischen Entwicklung und Vertrieb k\u00f6nnen Anpassungen an sich ver\u00e4ndernde Marktbed\u00fcrfnisse schnell vorgenommen werden. Dar\u00fcber hinaus sind Forschung, Entwicklung, Prototypenbau und Fertigung in einem Standort untergebracht. Dadurch wird unabh\u00e4ngig aller Abteilungen ein dauerhaft gleichbleibendes Qualit\u00e4tsniveau \u2013 und das auf h\u00f6chster Stufe &#8211; sichergestellt.<\/p>\t\t\t\t\t\t\t\t<\/div>\n\t\t\t\t<\/div>\n\t\t\t\t<div class=\"elementor-element elementor-element-d39e825 elementor-widget elementor-widget-heading\" data-id=\"d39e825\" data-element_type=\"widget\" data-e-type=\"widget\" data-widget_type=\"heading.default\">\n\t\t\t\t<div class=\"elementor-widget-container\">\n\t\t\t\t\t<h2 class=\"elementor-heading-title elementor-size-default\">Die Mitarbeiter<\/h2>\t\t\t\t<\/div>\n\t\t\t\t<\/div>\n\t\t\t\t<div class=\"elementor-element elementor-element-2c820a8 elementor-widget elementor-widget-text-editor\" data-id=\"2c820a8\" data-element_type=\"widget\" data-e-type=\"widget\" data-widget_type=\"text-editor.default\">\n\t\t\t\t<div class=\"elementor-widget-container\">\n\t\t\t\t\t\t\t\t\t<p>Unsere Mitarbeiter sind unser wertvollstes Kapital. Teamarbeit und starker Zusammenhalt &#8211; wie in einer gro\u00dfen Familie &#8211;\u00a0 sind keine Worth\u00fclsen, sondern Tag f\u00fcr Tag erlebte Wirklichkeit.Daher legen wir bewusst viel Wert auf langj\u00e4hrige Zugeh\u00f6rigkeit und st\u00e4ndige Aus- und Weiterbildung unserer Mitarbeiter. Der daraus resultierende hohe Wissensstand und Erfahrungsschatz unserer Mitarbeiter ist jederzeit und allerorts f\u00fcr unsere Kunden sp\u00fcrbar.<\/p>\t\t\t\t\t\t\t\t<\/div>\n\t\t\t\t<\/div>\n\t\t\t\t<div class=\"elementor-element elementor-element-50cf45a elementor-widget elementor-widget-heading\" data-id=\"50cf45a\" data-element_type=\"widget\" data-e-type=\"widget\" data-widget_type=\"heading.default\">\n\t\t\t\t<div class=\"elementor-widget-container\">\n\t\t\t\t\t<h2 class=\"elementor-heading-title elementor-size-default\">Die Ziele<\/h2>\t\t\t\t<\/div>\n\t\t\t\t<\/div>\n\t\t\t\t<div class=\"elementor-element elementor-element-baf5025 elementor-widget elementor-widget-text-editor\" data-id=\"baf5025\" data-element_type=\"widget\" data-e-type=\"widget\" data-widget_type=\"text-editor.default\">\n\t\t\t\t<div class=\"elementor-widget-container\">\n\t\t\t\t\t\t\t\t\t<p>Wo immer es um besonders sichere und innovative Torantriebe geht, wollen wir weiterhin die f\u00fchrende Rolle spielen. Dabei sichern die kontinuierliche Weiterentwicklung, die st\u00e4ndige Beobachtung neuer Trends und die Steigerung der Produktivit\u00e4t in allen Bereichen unseren dauerhaften Erfolg.<\/p>\t\t\t\t\t\t\t\t<\/div>\n\t\t\t\t<\/div>\n\t\t\t\t<div class=\"elementor-element elementor-element-e01e773 elementor-widget elementor-widget-heading\" data-id=\"e01e773\" data-element_type=\"widget\" data-e-type=\"widget\" data-widget_type=\"heading.default\">\n\t\t\t\t<div class=\"elementor-widget-container\">\n\t\t\t\t\t<h2 class=\"elementor-heading-title elementor-size-default\">Das Leitbild<\/h2>\t\t\t\t<\/div>\n\t\t\t\t<\/div>\n\t\t\t\t<div class=\"elementor-element elementor-element-30ad3ff elementor-widget elementor-widget-text-editor\" data-id=\"30ad3ff\" data-element_type=\"widget\" data-e-type=\"widget\" data-widget_type=\"text-editor.default\">\n\t\t\t\t<div class=\"elementor-widget-container\">\n\t\t\t\t\t\t\t\t\t<p>Unser ganzes Schaffen und Handeln konzentriert sich ausschlie\u00dflich auf den Erfolg unserer Kunden. Nach unserer \u00dcberzeugung werden Gesch\u00e4fte einzig und allein zwischen Menschen gemacht. Ein Grundsatz der f\u00fcr uns nicht nur in der Vergangenheit, sondern auch weiterhin in der Zukunft h\u00f6chsten Stellenwert einnehmen wird. Daher begegnen wir all unseren Kunden zuvorkommend, freundlich und mit gr\u00f6\u00dfter Wertsch\u00e4tzung. Unsere Kunden sollen sich bei uns stets wohlf\u00fchlen.<\/p>\t\t\t\t\t\t\t\t<\/div>\n\t\t\t\t<\/div>\n\t\t\t\t\t<\/div>\n\t\t<\/div>\n\t\t\t\t\t<\/div>\n\t\t<\/section>\n\t\t\t\t<section class=\"elementor-section elementor-top-section elementor-element elementor-element-7e1aa371 elementor-section-boxed elementor-section-height-default elementor-section-height-default\" data-id=\"7e1aa371\" data-element_type=\"section\" data-e-type=\"section\" id=\"agb\">\n\t\t\t\t\t\t<div class=\"elementor-container elementor-column-gap-default\">\n\t\t\t\t\t<div class=\"elementor-column elementor-col-100 elementor-top-column elementor-element elementor-element-4988f19\" data-id=\"4988f19\" data-element_type=\"column\" data-e-type=\"column\">\n\t\t\t<div class=\"elementor-widget-wrap elementor-element-populated\">\n\t\t\t\t\t\t<div class=\"elementor-element elementor-element-2b2f0b32 elementor-widget elementor-widget-heading\" data-id=\"2b2f0b32\" data-element_type=\"widget\" data-e-type=\"widget\" data-widget_type=\"heading.default\">\n\t\t\t\t<div class=\"elementor-widget-container\">\n\t\t\t\t\t<h2 class=\"elementor-heading-title elementor-size-default\">AGB<\/h2>\t\t\t\t<\/div>\n\t\t\t\t<\/div>\n\t\t\t\t\t<\/div>\n\t\t<\/div>\n\t\t\t\t\t<\/div>\n\t\t<\/section>\n\t\t\t\t<section class=\"elementor-section elementor-top-section elementor-element elementor-element-7442fe4d elementor-section-boxed elementor-section-height-default elementor-section-height-default\" data-id=\"7442fe4d\" data-element_type=\"section\" data-e-type=\"section\">\n\t\t\t\t\t\t<div class=\"elementor-container elementor-column-gap-default\">\n\t\t\t\t\t<div class=\"elementor-column elementor-col-100 elementor-top-column elementor-element elementor-element-7e8ca1af\" data-id=\"7e8ca1af\" data-element_type=\"column\" data-e-type=\"column\">\n\t\t\t<div class=\"elementor-widget-wrap elementor-element-populated\">\n\t\t\t\t\t\t<div class=\"elementor-element elementor-element-1a38491a elementor-align-justify elementor-widget-mobile__width-inherit elementor-mobile-align-justify elementor-widget elementor-widget-button\" data-id=\"1a38491a\" data-element_type=\"widget\" data-e-type=\"widget\" data-widget_type=\"button.default\">\n\t\t\t\t<div class=\"elementor-widget-container\">\n\t\t\t\t\t\t\t\t\t<div class=\"elementor-button-wrapper\">\n\t\t\t\t\t<a class=\"elementor-button elementor-button-link elementor-size-sm elementor-animation-grow\" href=\"https:\/\/tousek.com\/en\/agbs\">\n\t\t\t\t\t\t<span class=\"elementor-button-content-wrapper\">\n\t\t\t\t\t\t<span class=\"elementor-button-icon\">\n\t\t\t\t<i aria-hidden=\"true\" class=\"fas fa-file-invoice\"><\/i>\t\t\t<\/span>\n\t\t\t\t\t\t\t\t\t<span class=\"elementor-button-text\">Allgemein Gesch\u00e4ftsbedingungen<\/span>\n\t\t\t\t\t<\/span>\n\t\t\t\t\t<\/a>\n\t\t\t\t<\/div>\n\t\t\t\t\t\t\t\t<\/div>\n\t\t\t\t<\/div>\n\t\t\t\t\t<\/div>\n\t\t<\/div>\n\t\t\t\t\t<\/div>\n\t\t<\/section>\n\t\t\t\t<section class=\"elementor-section elementor-top-section elementor-element elementor-element-a334769 elementor-section-full_width elementor-section-height-default elementor-section-height-default\" data-id=\"a334769\" data-element_type=\"section\" data-e-type=\"section\">\n\t\t\t\t\t\t<div class=\"elementor-container elementor-column-gap-default\">\n\t\t\t\t\t<div class=\"elementor-column elementor-col-100 elementor-top-column elementor-element elementor-element-35e91903\" data-id=\"35e91903\" data-element_type=\"column\" data-e-type=\"column\">\n\t\t\t<div class=\"elementor-widget-wrap elementor-element-populated\">\n\t\t\t\t\t\t<div class=\"elementor-element elementor-element-63aeceb1 elementor-button-warning animated-slow elementor-widget__width-auto elementor-fixed elementor-widget-mobile__width-auto elementor-widget elementor-widget-button\" data-id=\"63aeceb1\" data-element_type=\"widget\" data-e-type=\"widget\" data-settings=\"{&quot;motion_fx_motion_fx_scrolling&quot;:&quot;yes&quot;,&quot;motion_fx_opacity_range&quot;:{&quot;unit&quot;:&quot;%&quot;,&quot;size&quot;:&quot;&quot;,&quot;sizes&quot;:{&quot;start&quot;:12,&quot;end&quot;:24}},&quot;_animation&quot;:&quot;none&quot;,&quot;_position&quot;:&quot;fixed&quot;,&quot;motion_fx_opacity_effect&quot;:&quot;yes&quot;,&quot;motion_fx_opacity_direction&quot;:&quot;out-in&quot;,&quot;motion_fx_opacity_level&quot;:{&quot;unit&quot;:&quot;px&quot;,&quot;size&quot;:10,&quot;sizes&quot;:[]},&quot;motion_fx_devices&quot;:[&quot;desktop&quot;,&quot;tablet&quot;,&quot;mobile&quot;]}\" data-widget_type=\"button.default\">\n\t\t\t\t<div class=\"elementor-widget-container\">\n\t\t\t\t\t\t\t\t\t<div class=\"elementor-button-wrapper\">\n\t\t\t\t\t<a class=\"elementor-button elementor-button-link elementor-size-md elementor-animation-grow\" href=\"#top\">\n\t\t\t\t\t\t<span class=\"elementor-button-content-wrapper\">\n\t\t\t\t\t\t<span class=\"elementor-button-icon\">\n\t\t\t\t<i aria-hidden=\"true\" class=\"fas fa-chevron-up\"><\/i>\t\t\t<\/span>\n\t\t\t\t\t\t\t\t<\/span>\n\t\t\t\t\t<\/a>\n\t\t\t\t<\/div>\n\t\t\t\t\t\t\t\t<\/div>\n\t\t\t\t<\/div>\n\t\t\t\t\t<\/div>\n\t\t<\/div>\n\t\t\t\t\t<\/div>\n\t\t<\/section>\n\t\t\t\t<section class=\"elementor-section elementor-top-section elementor-element elementor-element-192522da elementor-section-boxed elementor-section-height-default elementor-section-height-default\" data-id=\"192522da\" data-element_type=\"section\" data-e-type=\"section\">\n\t\t\t\t\t\t<div class=\"elementor-container elementor-column-gap-default\">\n\t\t\t\t\t<div class=\"elementor-column elementor-col-100 elementor-top-column elementor-element elementor-element-28815158\" data-id=\"28815158\" data-element_type=\"column\" data-e-type=\"column\">\n\t\t\t<div class=\"elementor-widget-wrap elementor-element-populated\">\n\t\t\t\t\t\t<div class=\"elementor-element elementor-element-30cf9492 elementor-align-right elementor-widget elementor-widget-button\" data-id=\"30cf9492\" data-element_type=\"widget\" data-e-type=\"widget\" data-widget_type=\"button.default\">\n\t\t\t\t<div class=\"elementor-widget-container\">\n\t\t\t\t\t\t\t\t\t<div class=\"elementor-button-wrapper\">\n\t\t\t\t\t<a class=\"elementor-button elementor-button-link elementor-size-sm elementor-animation-grow\" href=\"mailto:E-Mail%20Adresse?subject=Tousek&#038;body=http:\/\/tousekat.srv268.adino.at\/en\/produkte\/drehtorantriebe\/slim-clr\/?preview_id=49&#038;preview_nonce=3b1f52a18f\">\n\t\t\t\t\t\t<span class=\"elementor-button-content-wrapper\">\n\t\t\t\t\t\t<span class=\"elementor-button-icon\">\n\t\t\t\t<i aria-hidden=\"true\" class=\"icon icon-email\"><\/i>\t\t\t<\/span>\n\t\t\t\t\t\t\t\t\t<span class=\"elementor-button-text\">Diese Seite empfehlen<\/span>\n\t\t\t\t\t<\/span>\n\t\t\t\t\t<\/a>\n\t\t\t\t<\/div>\n\t\t\t\t\t\t\t\t<\/div>\n\t\t\t\t<\/div>\n\t\t\t\t\t<\/div>\n\t\t<\/div>\n\t\t\t\t\t<\/div>\n\t\t<\/section>\n\t\t\t\t<\/div>\n\t\t","protected":false},"excerpt":{"rendered":"<p>UNTERNEHMEN Geschichte Als einer der Vorreiter in der Branche legte Eduard Tousek 1974 mit der Gr\u00fcndung der tousek Torantriebe \u00d6sterreich den Grundstein der heute bestehenden Unternehmensgruppe. Bereits im Jahre 1988 wurde das urspr\u00fcngliche Einzelunternehmen in eine Gesellschaft mit beschr\u00e4nkter Haftung umgewandelt. Nur drei Jahre sp\u00e4ter erfolgte die Niederlassungsgr\u00fcndung in Deutschland. In den Folgejahren wurde die [&hellip;]<\/p>\n","protected":false},"author":1,"featured_media":4187,"parent":0,"menu_order":2,"comment_status":"closed","ping_status":"closed","template":"elementor_header_footer","meta":{"footnotes":""},"class_list":["post-21","page","type-page","status-publish","has-post-thumbnail","hentry"],"_links":{"self":[{"href":"https:\/\/tousek.com\/en\/wp-json\/wp\/v2\/pages\/21","targetHints":{"allow":["GET"]}}],"collection":[{"href":"https:\/\/tousek.com\/en\/wp-json\/wp\/v2\/pages"}],"about":[{"href":"https:\/\/tousek.com\/en\/wp-json\/wp\/v2\/types\/page"}],"author":[{"embeddable":true,"href":"https:\/\/tousek.com\/en\/wp-json\/wp\/v2\/users\/1"}],"replies":[{"embeddable":true,"href":"https:\/\/tousek.com\/en\/wp-json\/wp\/v2\/comments?post=21"}],"version-history":[{"count":40,"href":"https:\/\/tousek.com\/en\/wp-json\/wp\/v2\/pages\/21\/revisions"}],"predecessor-version":[{"id":10614,"href":"https:\/\/tousek.com\/en\/wp-json\/wp\/v2\/pages\/21\/revisions\/10614"}],"wp:featuredmedia":[{"embeddable":true,"href":"https:\/\/tousek.com\/en\/wp-json\/wp\/v2\/media\/4187"}],"wp:attachment":[{"href":"https:\/\/tousek.com\/en\/wp-json\/wp\/v2\/media?parent=21"}],"curies":[{"name":"wp","href":"https:\/\/api.w.org\/{rel}","templated":true}]}}