{"id":3857,"date":"2020-07-28T14:12:06","date_gmt":"2020-07-28T14:12:06","guid":{"rendered":"http:\/\/tousekat.srv268.adino.at\/?page_id=3857"},"modified":"2024-10-22T07:43:28","modified_gmt":"2024-10-22T07:43:28","slug":"signalubertragung-induktiv","status":"publish","type":"page","link":"https:\/\/tousek.com\/de\/produkte\/sicherheitseinrichtungen\/signalubertragung-induktiv","title":{"rendered":"Signal\u00fcbertragung Funk"},"content":{"rendered":"\t\t<div data-elementor-type=\"wp-page\" data-elementor-id=\"3857\" class=\"elementor elementor-3857\" data-elementor-post-type=\"page\">\n\t\t\t\t\t\t<section class=\"elementor-section elementor-top-section elementor-element elementor-element-1ef6aff5 elementor-section-full_width elementor-section-height-default elementor-section-height-default\" data-id=\"1ef6aff5\" data-element_type=\"section\" data-e-type=\"section\" id=\"top\">\n\t\t\t\t\t\t<div class=\"elementor-container elementor-column-gap-no\">\n\t\t\t\t\t<div class=\"elementor-column elementor-col-100 elementor-top-column elementor-element elementor-element-805033f\" data-id=\"805033f\" data-element_type=\"column\" data-e-type=\"column\">\n\t\t\t<div class=\"elementor-widget-wrap elementor-element-populated\">\n\t\t\t\t\t\t<div class=\"elementor-element elementor-element-49f473ff elementor--h-position-left elementor--v-position-middle elementor-arrows-position-inside elementor-pagination-position-inside elementor-widget elementor-widget-slides\" data-id=\"49f473ff\" data-element_type=\"widget\" data-e-type=\"widget\" data-settings=\"{&quot;navigation&quot;:&quot;both&quot;,&quot;autoplay&quot;:&quot;yes&quot;,&quot;autoplay_speed&quot;:5000,&quot;infinite&quot;:&quot;yes&quot;,&quot;transition&quot;:&quot;slide&quot;,&quot;transition_speed&quot;:500}\" data-widget_type=\"slides.default\">\n\t\t\t\t<div class=\"elementor-widget-container\">\n\t\t\t\t\t\t\t\t\t<div class=\"elementor-swiper\">\n\t\t\t\t\t<div class=\"elementor-slides-wrapper elementor-main-swiper swiper\" role=\"region\" aria-roledescription=\"carousel\" aria-label=\"Slides\" dir=\"ltr\" data-animation=\"fadeInUp\">\n\t\t\t\t<div class=\"swiper-wrapper elementor-slides\">\n\t\t\t\t\t\t\t\t\t\t<div class=\"elementor-repeater-item-8c1b40b swiper-slide\" role=\"group\" aria-roledescription=\"slide\"><div class=\"swiper-slide-bg\" role=\"img\" aria-label=\"h1_tx_320_2024\"><\/div><div class=\"swiper-slide-inner\" ><div class=\"swiper-slide-contents\"><div class=\"elementor-slide-heading\">TX 320<\/div><div class=\"elementor-slide-description\">Funk\u00fcbertragungssystem<\/div><\/div><\/div><\/div>\t\t\t\t<\/div>\n\t\t\t\t\t\t\t<\/div>\n\t\t\t\t<\/div>\n\t\t\t\t\t\t\t\t<\/div>\n\t\t\t\t<\/div>\n\t\t\t\t\t<\/div>\n\t\t<\/div>\n\t\t\t\t\t<\/div>\n\t\t<\/section>\n\t\t\t\t<section class=\"elementor-section elementor-top-section elementor-element elementor-element-6b38e3c4 elementor-section-full_width elementor-hidden-phone elementor-section-height-min-height elementor-section-height-default elementor-section-items-middle\" data-id=\"6b38e3c4\" data-element_type=\"section\" data-e-type=\"section\" data-settings=\"{&quot;sticky&quot;:&quot;top&quot;,&quot;background_background&quot;:&quot;classic&quot;,&quot;sticky_offset&quot;:84,&quot;sticky_on&quot;:[&quot;desktop&quot;,&quot;tablet&quot;,&quot;mobile&quot;],&quot;sticky_effects_offset&quot;:0,&quot;sticky_anchor_link_offset&quot;:0}\">\n\t\t\t\t\t\t<div class=\"elementor-container elementor-column-gap-default\">\n\t\t\t\t\t<div class=\"elementor-column elementor-col-33 elementor-top-column elementor-element elementor-element-1e03791c\" data-id=\"1e03791c\" data-element_type=\"column\" data-e-type=\"column\">\n\t\t\t<div class=\"elementor-widget-wrap elementor-element-populated\">\n\t\t\t\t\t\t<div class=\"elementor-element elementor-element-e769d12 elementor-align-center elementor-widget elementor-widget-button\" data-id=\"e769d12\" data-element_type=\"widget\" data-e-type=\"widget\" data-widget_type=\"button.default\">\n\t\t\t\t<div class=\"elementor-widget-container\">\n\t\t\t\t\t\t\t\t\t<div class=\"elementor-button-wrapper\">\n\t\t\t\t\t<a class=\"elementor-button elementor-button-link elementor-size-sm\" href=\"#merk_vort\">\n\t\t\t\t\t\t<span class=\"elementor-button-content-wrapper\">\n\t\t\t\t\t\t\t\t\t<span class=\"elementor-button-text\">Merkmale \/ Vorteile<\/span>\n\t\t\t\t\t<\/span>\n\t\t\t\t\t<\/a>\n\t\t\t\t<\/div>\n\t\t\t\t\t\t\t\t<\/div>\n\t\t\t\t<\/div>\n\t\t\t\t\t<\/div>\n\t\t<\/div>\n\t\t\t\t<div class=\"elementor-column elementor-col-33 elementor-top-column elementor-element elementor-element-32d783c0\" data-id=\"32d783c0\" data-element_type=\"column\" data-e-type=\"column\">\n\t\t\t<div class=\"elementor-widget-wrap elementor-element-populated\">\n\t\t\t\t\t\t<div class=\"elementor-element elementor-element-3d2d61ef elementor-align-center elementor-widget elementor-widget-button\" data-id=\"3d2d61ef\" data-element_type=\"widget\" data-e-type=\"widget\" data-widget_type=\"button.default\">\n\t\t\t\t<div class=\"elementor-widget-container\">\n\t\t\t\t\t\t\t\t\t<div class=\"elementor-button-wrapper\">\n\t\t\t\t\t<a class=\"elementor-button elementor-button-link elementor-size-sm\" href=\"#techdat\">\n\t\t\t\t\t\t<span class=\"elementor-button-content-wrapper\">\n\t\t\t\t\t\t\t\t\t<span class=\"elementor-button-text\">Technische Daten<\/span>\n\t\t\t\t\t<\/span>\n\t\t\t\t\t<\/a>\n\t\t\t\t<\/div>\n\t\t\t\t\t\t\t\t<\/div>\n\t\t\t\t<\/div>\n\t\t\t\t\t<\/div>\n\t\t<\/div>\n\t\t\t\t<div class=\"elementor-column elementor-col-33 elementor-top-column elementor-element elementor-element-29de6292\" data-id=\"29de6292\" data-element_type=\"column\" data-e-type=\"column\" data-settings=\"{&quot;background_background&quot;:&quot;classic&quot;}\">\n\t\t\t<div class=\"elementor-widget-wrap elementor-element-populated\">\n\t\t\t\t\t\t<div class=\"elementor-element elementor-element-7150b6a3 elementor-align-center elementor-widget elementor-widget-button\" data-id=\"7150b6a3\" data-element_type=\"widget\" data-e-type=\"widget\" data-widget_type=\"button.default\">\n\t\t\t\t<div class=\"elementor-widget-container\">\n\t\t\t\t\t\t\t\t\t<div class=\"elementor-button-wrapper\">\n\t\t\t\t\t<a class=\"elementor-button elementor-button-link elementor-size-sm\" href=\"#doku_downl\">\n\t\t\t\t\t\t<span class=\"elementor-button-content-wrapper\">\n\t\t\t\t\t\t\t\t\t<span class=\"elementor-button-text\">Dokumente &amp; Downloads<\/span>\n\t\t\t\t\t<\/span>\n\t\t\t\t\t<\/a>\n\t\t\t\t<\/div>\n\t\t\t\t\t\t\t\t<\/div>\n\t\t\t\t<\/div>\n\t\t\t\t\t<\/div>\n\t\t<\/div>\n\t\t\t\t\t<\/div>\n\t\t<\/section>\n\t\t\t\t<section class=\"elementor-section elementor-top-section elementor-element elementor-element-4cde32d1 elementor-section-boxed elementor-section-height-default elementor-section-height-default\" data-id=\"4cde32d1\" data-element_type=\"section\" data-e-type=\"section\">\n\t\t\t\t\t\t<div class=\"elementor-container elementor-column-gap-default\">\n\t\t\t\t\t<div class=\"elementor-column elementor-col-100 elementor-top-column elementor-element elementor-element-43dc362b\" data-id=\"43dc362b\" data-element_type=\"column\" data-e-type=\"column\">\n\t\t\t<div class=\"elementor-widget-wrap elementor-element-populated\">\n\t\t\t\t\t\t<div class=\"elementor-element elementor-element-67b11fce elementor-widget elementor-widget-heading\" data-id=\"67b11fce\" data-element_type=\"widget\" data-e-type=\"widget\" id=\"merk_vort\" data-widget_type=\"heading.default\">\n\t\t\t\t<div class=\"elementor-widget-container\">\n\t\t\t\t\t<h2 class=\"elementor-heading-title elementor-size-default\">Merkmale \/ Vorteile<\/h2>\t\t\t\t<\/div>\n\t\t\t\t<\/div>\n\t\t\t\t\t<\/div>\n\t\t<\/div>\n\t\t\t\t\t<\/div>\n\t\t<\/section>\n\t\t\t\t<section class=\"elementor-section elementor-top-section elementor-element elementor-element-6a27b4bf elementor-section-boxed elementor-section-height-default elementor-section-height-default\" data-id=\"6a27b4bf\" data-element_type=\"section\" data-e-type=\"section\">\n\t\t\t\t\t\t<div class=\"elementor-container elementor-column-gap-no\">\n\t\t\t\t\t<div class=\"elementor-column elementor-col-100 elementor-top-column elementor-element elementor-element-69c30ce8\" data-id=\"69c30ce8\" data-element_type=\"column\" data-e-type=\"column\">\n\t\t\t<div class=\"elementor-widget-wrap elementor-element-populated\">\n\t\t\t\t\t\t<div class=\"elementor-element elementor-element-4668257e gallery-spacing-custom elementor-hidden-phone elementor-hidden-tablet elementor-widget elementor-widget-image-gallery\" data-id=\"4668257e\" data-element_type=\"widget\" data-e-type=\"widget\" data-widget_type=\"image-gallery.default\">\n\t\t\t\t<div class=\"elementor-widget-container\">\n\t\t\t\t\t\t\t<div class=\"elementor-image-gallery\">\n\t\t\t<div id='gallery-1' class='gallery galleryid-3857 gallery-columns-4 gallery-size-medium'><figure class='gallery-item'>\n\t\t\t<div class='gallery-icon landscape'>\n\t\t\t\t<img fetchpriority=\"high\" decoding=\"async\" width=\"300\" height=\"300\" src=\"https:\/\/tousek.com\/wp-content\/uploads\/2020\/07\/TX310i_m_1-300x300.jpg\" class=\"attachment-medium size-medium\" alt=\"\" aria-describedby=\"gallery-1-3896\" srcset=\"https:\/\/tousek.com\/wp-content\/uploads\/2020\/07\/TX310i_m_1-300x300.jpg 300w, https:\/\/tousek.com\/wp-content\/uploads\/2020\/07\/TX310i_m_1-150x150.jpg 150w, https:\/\/tousek.com\/wp-content\/uploads\/2020\/07\/TX310i_m_1-768x768.jpg 768w, https:\/\/tousek.com\/wp-content\/uploads\/2020\/07\/TX310i_m_1.jpg 1000w\" sizes=\"(max-width: 300px) 100vw, 300px\" \/>\n\t\t\t<\/div>\n\t\t\t\t<figcaption class='wp-caption-text gallery-caption' id='gallery-1-3896'>\n\t\t\t\tBidirektionales\nFunk\u00fcbertragungssystem\ngarantiert eine sichere und\nber\u00fchrungslose \u00dcbertragung\n\t\t\t\t<\/figcaption><\/figure><figure class='gallery-item'>\n\t\t\t<div class='gallery-icon landscape'>\n\t\t\t\t<img decoding=\"async\" width=\"300\" height=\"300\" src=\"https:\/\/tousek.com\/wp-content\/uploads\/2020\/07\/TX310i_m_2-300x300.jpg\" class=\"attachment-medium size-medium\" alt=\"\" aria-describedby=\"gallery-1-3897\" srcset=\"https:\/\/tousek.com\/wp-content\/uploads\/2020\/07\/TX310i_m_2-300x300.jpg 300w, https:\/\/tousek.com\/wp-content\/uploads\/2020\/07\/TX310i_m_2-150x150.jpg 150w, https:\/\/tousek.com\/wp-content\/uploads\/2020\/07\/TX310i_m_2-768x768.jpg 768w, https:\/\/tousek.com\/wp-content\/uploads\/2020\/07\/TX310i_m_2.jpg 1000w\" sizes=\"(max-width: 300px) 100vw, 300px\" \/>\n\t\t\t<\/div>\n\t\t\t\t<figcaption class='wp-caption-text gallery-caption' id='gallery-1-3897'>\n\t\t\t\tBatteriebetrieb des Senders mit\n2x 3V Lithium Batterien\n\t\t\t\t<\/figcaption><\/figure><figure class='gallery-item'>\n\t\t\t<div class='gallery-icon landscape'>\n\t\t\t\t<img decoding=\"async\" width=\"300\" height=\"300\" src=\"https:\/\/tousek.com\/wp-content\/uploads\/2020\/07\/TX310i_m_3-300x300.jpg\" class=\"attachment-medium size-medium\" alt=\"\" aria-describedby=\"gallery-1-3898\" srcset=\"https:\/\/tousek.com\/wp-content\/uploads\/2020\/07\/TX310i_m_3-300x300.jpg 300w, https:\/\/tousek.com\/wp-content\/uploads\/2020\/07\/TX310i_m_3-150x150.jpg 150w, https:\/\/tousek.com\/wp-content\/uploads\/2020\/07\/TX310i_m_3-768x768.jpg 768w, https:\/\/tousek.com\/wp-content\/uploads\/2020\/07\/TX310i_m_3.jpg 1000w\" sizes=\"(max-width: 300px) 100vw, 300px\" \/>\n\t\t\t<\/div>\n\t\t\t\t<figcaption class='wp-caption-text gallery-caption' id='gallery-1-3898'>\n\t\t\t\tAutomatische\nFrequenzanpassung bzw.\nmanuelle Frequenzeinstellung\nsorgt f\u00fcr hohe St\u00f6rsicherheit\n\t\t\t\t<\/figcaption><\/figure><figure class='gallery-item'>\n\t\t\t<div class='gallery-icon landscape'>\n\t\t\t\t<img loading=\"lazy\" decoding=\"async\" width=\"300\" height=\"300\" src=\"https:\/\/tousek.com\/wp-content\/uploads\/2020\/07\/TX310i_m_4-300x300.jpg\" class=\"attachment-medium size-medium\" alt=\"\" aria-describedby=\"gallery-1-3899\" srcset=\"https:\/\/tousek.com\/wp-content\/uploads\/2020\/07\/TX310i_m_4-300x300.jpg 300w, https:\/\/tousek.com\/wp-content\/uploads\/2020\/07\/TX310i_m_4-150x150.jpg 150w, https:\/\/tousek.com\/wp-content\/uploads\/2020\/07\/TX310i_m_4-768x768.jpg 768w, https:\/\/tousek.com\/wp-content\/uploads\/2020\/07\/TX310i_m_4.jpg 1000w\" sizes=\"(max-width: 300px) 100vw, 300px\" \/>\n\t\t\t<\/div>\n\t\t\t\t<figcaption class='wp-caption-text gallery-caption' id='gallery-1-3899'>\n\t\t\t\tF\u00fcr Schiebetore mit einem max.\nFahrweg von 10m geeignet.\n\t\t\t\t<\/figcaption><\/figure>\n\t\t<\/div>\n\t\t<\/div>\n\t\t\t\t\t\t<\/div>\n\t\t\t\t<\/div>\n\t\t\t\t\t<\/div>\n\t\t<\/div>\n\t\t\t\t\t<\/div>\n\t\t<\/section>\n\t\t\t\t<section class=\"elementor-section elementor-top-section elementor-element elementor-element-687d147c elementor-section-full_width elementor-section-height-default elementor-section-height-default\" data-id=\"687d147c\" data-element_type=\"section\" data-e-type=\"section\" id=\"techdat\">\n\t\t\t\t\t\t<div class=\"elementor-container elementor-column-gap-default\">\n\t\t\t\t\t<div class=\"elementor-column elementor-col-100 elementor-top-column elementor-element elementor-element-13e29685\" data-id=\"13e29685\" data-element_type=\"column\" data-e-type=\"column\">\n\t\t\t<div class=\"elementor-widget-wrap elementor-element-populated\">\n\t\t\t\t\t\t<div class=\"elementor-element elementor-element-2a2d2623 elementor-widget elementor-widget-heading\" data-id=\"2a2d2623\" data-element_type=\"widget\" data-e-type=\"widget\" data-widget_type=\"heading.default\">\n\t\t\t\t<div class=\"elementor-widget-container\">\n\t\t\t\t\t<h2 class=\"elementor-heading-title elementor-size-default\">Technische Daten<\/h2>\t\t\t\t<\/div>\n\t\t\t\t<\/div>\n\t\t\t\t\t<\/div>\n\t\t<\/div>\n\t\t\t\t\t<\/div>\n\t\t<\/section>\n\t\t\t\t<section class=\"elementor-section elementor-top-section elementor-element elementor-element-118f2999 elementor-section-boxed elementor-section-height-default elementor-section-height-default\" data-id=\"118f2999\" data-element_type=\"section\" data-e-type=\"section\">\n\t\t\t\t\t\t<div class=\"elementor-container elementor-column-gap-default\">\n\t\t\t\t\t<div class=\"elementor-column elementor-col-50 elementor-top-column elementor-element elementor-element-1148a55f elementor-hidden-phone\" data-id=\"1148a55f\" data-element_type=\"column\" data-e-type=\"column\">\n\t\t\t<div class=\"elementor-widget-wrap elementor-element-populated\">\n\t\t\t\t\t\t<div class=\"elementor-element elementor-element-369e4caf elementor-widget elementor-widget-image\" data-id=\"369e4caf\" data-element_type=\"widget\" data-e-type=\"widget\" data-widget_type=\"image.default\">\n\t\t\t\t<div class=\"elementor-widget-container\">\n\t\t\t\t\t\t\t\t\t\t\t\t\t\t\t<img loading=\"lazy\" decoding=\"async\" width=\"768\" height=\"768\" src=\"https:\/\/tousek.com\/wp-content\/uploads\/2024\/10\/txe_downloads-768x768.webp\" class=\"attachment-medium_large size-medium_large wp-image-9687\" alt=\"\" srcset=\"https:\/\/tousek.com\/wp-content\/uploads\/2024\/10\/txe_downloads-768x768.webp 768w, https:\/\/tousek.com\/wp-content\/uploads\/2024\/10\/txe_downloads-300x300.webp 300w, https:\/\/tousek.com\/wp-content\/uploads\/2024\/10\/txe_downloads-150x150.webp 150w, https:\/\/tousek.com\/wp-content\/uploads\/2024\/10\/txe_downloads-12x12.webp 12w, https:\/\/tousek.com\/wp-content\/uploads\/2024\/10\/txe_downloads.webp 1000w\" sizes=\"(max-width: 768px) 100vw, 768px\" \/>\t\t\t\t\t\t\t\t\t\t\t\t\t\t\t<\/div>\n\t\t\t\t<\/div>\n\t\t\t\t\t<\/div>\n\t\t<\/div>\n\t\t\t\t<div class=\"elementor-column elementor-col-50 elementor-top-column elementor-element elementor-element-1ff3085\" data-id=\"1ff3085\" data-element_type=\"column\" data-e-type=\"column\">\n\t\t\t<div class=\"elementor-widget-wrap elementor-element-populated\">\n\t\t\t\t\t\t<div class=\"elementor-element elementor-element-22e705d elementor-widget elementor-widget-text-editor\" data-id=\"22e705d\" data-element_type=\"widget\" data-e-type=\"widget\" data-widget_type=\"text-editor.default\">\n\t\t\t\t<div class=\"elementor-widget-container\">\n\t\t\t\t\t\t\t\t\t<p>\n<table id=\"tablepress-tx310_1k\" class=\"tablepress tablepress-id-tx310_1k\">\n<tbody class=\"row-striping row-hover\">\n<tr class=\"row-1\">\n\t<td class=\"column-1\">Frequenzband<\/td><td class=\"column-2\">867.6 MHz <\/td>\n<\/tr>\n<tr class=\"row-2\">\n\t<td class=\"column-1\"><\/td><td class=\"column-2\"><\/td>\n<\/tr>\n<tr class=\"row-3\">\n\t<td class=\"column-1\">Sender<\/td><td class=\"column-2\"><\/td>\n<\/tr>\n<tr class=\"row-4\">\n\t<td class=\"column-1\">Versorgungsspannung<\/td><td class=\"column-2\">1x Lithium 3V CR2450N<\/td>\n<\/tr>\n<tr class=\"row-5\">\n\t<td class=\"column-1\">Widerstand der Schaltleiste<\/td><td class=\"column-2\">8,2k\u03a9<\/td>\n<\/tr>\n<tr class=\"row-6\">\n\t<td class=\"column-1\">Schutzart<\/td><td class=\"column-2\">IP 65<\/td>\n<\/tr>\n<tr class=\"row-7\">\n\t<td class=\"column-1\">Abmessungen<\/td><td class=\"column-2\">121 x 50 x 23 mm<\/td>\n<\/tr>\n<tr class=\"row-8\">\n\t<td class=\"column-1\"><\/td><td class=\"column-2\"><\/td>\n<\/tr>\n<tr class=\"row-9\">\n\t<td class=\"column-1\">Empf\u00e4nger 2-Kanal<\/td><td class=\"column-2\"><\/td>\n<\/tr>\n<tr class=\"row-10\">\n\t<td class=\"column-1\">Versorgungsspannung<\/td><td class=\"column-2\">12 &#8211; 36 V  ACDC<\/td>\n<\/tr>\n<tr class=\"row-11\">\n\t<td class=\"column-1\">Schutzart<\/td><td class=\"column-2\">IP 65<\/td>\n<\/tr>\n<tr class=\"row-12\">\n\t<td class=\"column-1\">Abmessungen<\/td><td class=\"column-2\">121 x 75 x 24 mm<\/td>\n<\/tr>\n<\/tbody>\n<\/table>\n<\/p>\t\t\t\t\t\t\t\t<\/div>\n\t\t\t\t<\/div>\n\t\t\t\t\t<\/div>\n\t\t<\/div>\n\t\t\t\t\t<\/div>\n\t\t<\/section>\n\t\t\t\t<section class=\"elementor-section elementor-top-section elementor-element elementor-element-1795eb5f elementor-section-boxed elementor-section-height-default elementor-section-height-default\" data-id=\"1795eb5f\" data-element_type=\"section\" data-e-type=\"section\" id=\"doku_downl\">\n\t\t\t\t\t\t<div class=\"elementor-container elementor-column-gap-default\">\n\t\t\t\t\t<div class=\"elementor-column elementor-col-100 elementor-top-column elementor-element elementor-element-7a755be7\" data-id=\"7a755be7\" data-element_type=\"column\" data-e-type=\"column\">\n\t\t\t<div class=\"elementor-widget-wrap elementor-element-populated\">\n\t\t\t\t\t\t<div class=\"elementor-element elementor-element-27cc8c2e elementor-widget elementor-widget-heading\" data-id=\"27cc8c2e\" data-element_type=\"widget\" data-e-type=\"widget\" data-widget_type=\"heading.default\">\n\t\t\t\t<div class=\"elementor-widget-container\">\n\t\t\t\t\t<h2 class=\"elementor-heading-title elementor-size-default\">Dokumente &amp; Downloads<\/h2>\t\t\t\t<\/div>\n\t\t\t\t<\/div>\n\t\t\t\t\t<\/div>\n\t\t<\/div>\n\t\t\t\t\t<\/div>\n\t\t<\/section>\n\t\t\t\t<section class=\"elementor-section elementor-top-section elementor-element elementor-element-575e61ac elementor-section-full_width elementor-section-height-default elementor-section-height-default\" data-id=\"575e61ac\" data-element_type=\"section\" data-e-type=\"section\">\n\t\t\t\t\t\t<div class=\"elementor-container elementor-column-gap-default\">\n\t\t\t\t\t<div class=\"elementor-column elementor-col-100 elementor-top-column elementor-element elementor-element-70faa1c7\" data-id=\"70faa1c7\" data-element_type=\"column\" data-e-type=\"column\">\n\t\t\t<div class=\"elementor-widget-wrap elementor-element-populated\">\n\t\t\t\t\t\t<div class=\"elementor-element elementor-element-6eea87dc elementor-button-warning animated-slow elementor-widget__width-auto elementor-fixed elementor-widget-mobile__width-auto elementor-widget elementor-widget-button\" data-id=\"6eea87dc\" data-element_type=\"widget\" data-e-type=\"widget\" data-settings=\"{&quot;motion_fx_motion_fx_scrolling&quot;:&quot;yes&quot;,&quot;motion_fx_opacity_range&quot;:{&quot;unit&quot;:&quot;%&quot;,&quot;size&quot;:&quot;&quot;,&quot;sizes&quot;:{&quot;start&quot;:12,&quot;end&quot;:24}},&quot;_animation&quot;:&quot;none&quot;,&quot;_position&quot;:&quot;fixed&quot;,&quot;motion_fx_opacity_effect&quot;:&quot;yes&quot;,&quot;motion_fx_opacity_direction&quot;:&quot;out-in&quot;,&quot;motion_fx_opacity_level&quot;:{&quot;unit&quot;:&quot;px&quot;,&quot;size&quot;:10,&quot;sizes&quot;:[]},&quot;motion_fx_devices&quot;:[&quot;desktop&quot;,&quot;tablet&quot;,&quot;mobile&quot;]}\" data-widget_type=\"button.default\">\n\t\t\t\t<div class=\"elementor-widget-container\">\n\t\t\t\t\t\t\t\t\t<div class=\"elementor-button-wrapper\">\n\t\t\t\t\t<a class=\"elementor-button elementor-button-link elementor-size-md elementor-animation-grow\" href=\"#top\">\n\t\t\t\t\t\t<span class=\"elementor-button-content-wrapper\">\n\t\t\t\t\t\t<span class=\"elementor-button-icon\">\n\t\t\t\t<i aria-hidden=\"true\" class=\"fas fa-chevron-up\"><\/i>\t\t\t<\/span>\n\t\t\t\t\t\t\t\t<\/span>\n\t\t\t\t\t<\/a>\n\t\t\t\t<\/div>\n\t\t\t\t\t\t\t\t<\/div>\n\t\t\t\t<\/div>\n\t\t\t\t\t<\/div>\n\t\t<\/div>\n\t\t\t\t\t<\/div>\n\t\t<\/section>\n\t\t\t\t<section class=\"elementor-section elementor-top-section elementor-element elementor-element-6a326f1 elementor-section-boxed elementor-section-height-default elementor-section-height-default\" data-id=\"6a326f1\" data-element_type=\"section\" data-e-type=\"section\">\n\t\t\t\t\t\t<div class=\"elementor-container elementor-column-gap-default\">\n\t\t\t\t\t<div class=\"elementor-column elementor-col-100 elementor-top-column elementor-element elementor-element-7157dc62\" data-id=\"7157dc62\" data-element_type=\"column\" data-e-type=\"column\">\n\t\t\t<div class=\"elementor-widget-wrap elementor-element-populated\">\n\t\t\t\t\t\t<div class=\"elementor-element elementor-element-43a3c7ad elementor-align-right elementor-widget elementor-widget-button\" data-id=\"43a3c7ad\" data-element_type=\"widget\" data-e-type=\"widget\" data-widget_type=\"button.default\">\n\t\t\t\t<div class=\"elementor-widget-container\">\n\t\t\t\t\t\t\t\t\t<div class=\"elementor-button-wrapper\">\n\t\t\t\t\t<a class=\"elementor-button elementor-button-link elementor-size-sm elementor-animation-grow\" href=\"mailto:%20?subject=Tousek&#038;body=www.tousek.com\/signalubertragung-funk\">\n\t\t\t\t\t\t<span class=\"elementor-button-content-wrapper\">\n\t\t\t\t\t\t<span class=\"elementor-button-icon\">\n\t\t\t\t<i aria-hidden=\"true\" class=\"icon icon-email\"><\/i>\t\t\t<\/span>\n\t\t\t\t\t\t\t\t\t<span class=\"elementor-button-text\">Diese Seite empfehlen<\/span>\n\t\t\t\t\t<\/span>\n\t\t\t\t\t<\/a>\n\t\t\t\t<\/div>\n\t\t\t\t\t\t\t\t<\/div>\n\t\t\t\t<\/div>\n\t\t\t\t\t<\/div>\n\t\t<\/div>\n\t\t\t\t\t<\/div>\n\t\t<\/section>\n\t\t\t\t<\/div>\n\t\t","protected":false},"excerpt":{"rendered":"<p>TX 320Funk\u00fcbertragungssystem Merkmale \/ Vorteile Technische Daten Dokumente &#038; Downloads Merkmale \/ Vorteile Bidirektionales Funk\u00fcbertragungssystem garantiert eine sichere und ber\u00fchrungslose \u00dcbertragung Batteriebetrieb des Senders mit 2x 3V Lithium Batterien Automatische Frequenzanpassung bzw. manuelle Frequenzeinstellung sorgt f\u00fcr hohe St\u00f6rsicherheit F\u00fcr Schiebetore mit einem max. Fahrweg von 10m geeignet. Bidirektionales Funk\u00fcbertragungssystem garantiert eine sichere und ber\u00fchrungslose \u00dcbertragung [&hellip;]<\/p>\n","protected":false},"author":1,"featured_media":3900,"parent":47,"menu_order":5,"comment_status":"closed","ping_status":"closed","template":"elementor_header_footer","meta":{"footnotes":""},"class_list":["post-3857","page","type-page","status-publish","has-post-thumbnail","hentry"],"_links":{"self":[{"href":"https:\/\/tousek.com\/de\/wp-json\/wp\/v2\/pages\/3857","targetHints":{"allow":["GET"]}}],"collection":[{"href":"https:\/\/tousek.com\/de\/wp-json\/wp\/v2\/pages"}],"about":[{"href":"https:\/\/tousek.com\/de\/wp-json\/wp\/v2\/types\/page"}],"author":[{"embeddable":true,"href":"https:\/\/tousek.com\/de\/wp-json\/wp\/v2\/users\/1"}],"replies":[{"embeddable":true,"href":"https:\/\/tousek.com\/de\/wp-json\/wp\/v2\/comments?post=3857"}],"version-history":[{"count":43,"href":"https:\/\/tousek.com\/de\/wp-json\/wp\/v2\/pages\/3857\/revisions"}],"predecessor-version":[{"id":9701,"href":"https:\/\/tousek.com\/de\/wp-json\/wp\/v2\/pages\/3857\/revisions\/9701"}],"up":[{"embeddable":true,"href":"https:\/\/tousek.com\/de\/wp-json\/wp\/v2\/pages\/47"}],"wp:featuredmedia":[{"embeddable":true,"href":"https:\/\/tousek.com\/de\/wp-json\/wp\/v2\/media\/3900"}],"wp:attachment":[{"href":"https:\/\/tousek.com\/de\/wp-json\/wp\/v2\/media?parent=3857"}],"curies":[{"name":"wp","href":"https:\/\/api.w.org\/{rel}","templated":true}]}}