{"id":41,"date":"2020-05-18T13:41:01","date_gmt":"2020-05-18T13:41:01","guid":{"rendered":"http:\/\/tousekat.srv268.adino.at\/?page_id=41"},"modified":"2025-05-08T06:41:45","modified_gmt":"2025-05-08T06:41:45","slug":"funk","status":"publish","type":"page","link":"https:\/\/tousek.com\/cs\/produkte\/funk","title":{"rendered":"D\u00e1lkov\u00e9 ovl\u00e1d\u00e1n\u00ed"},"content":{"rendered":"<div data-elementor-type=\"wp-page\" data-elementor-id=\"41\" class=\"elementor elementor-41\" data-elementor-post-type=\"page\">\n\t\t\t\t\t\t<section class=\"elementor-section elementor-top-section elementor-element elementor-element-8a1ecfd elementor-section-boxed elementor-section-height-default elementor-section-height-default\" data-id=\"8a1ecfd\" data-element_type=\"section\" data-e-type=\"section\">\n\t\t\t\t\t\t<div class=\"elementor-container elementor-column-gap-default\">\n\t\t\t\t\t<div class=\"elementor-column elementor-col-100 elementor-top-column elementor-element elementor-element-dc980b6\" data-id=\"dc980b6\" data-element_type=\"column\" data-e-type=\"column\">\n\t\t\t<div class=\"elementor-widget-wrap elementor-element-populated\">\n\t\t\t\t\t\t<div class=\"elementor-element elementor-element-5cd6a16 elementor-widget elementor-widget-spacer\" data-id=\"5cd6a16\" data-element_type=\"widget\" data-e-type=\"widget\" data-widget_type=\"spacer.default\">\n\t\t\t\t<div class=\"elementor-widget-container\">\n\t\t\t\t\t\t\t<div class=\"elementor-spacer\">\n\t\t\t<div class=\"elementor-spacer-inner\"><\/div>\n\t\t<\/div>\n\t\t\t\t\t\t<\/div>\n\t\t\t\t<\/div>\n\t\t\t\t\t<\/div>\n\t\t<\/div>\n\t\t\t\t\t<\/div>\n\t\t<\/section>\n\t\t\t\t<section class=\"elementor-section elementor-top-section elementor-element elementor-element-62ea83d elementor-section-boxed elementor-section-height-default elementor-section-height-default\" data-id=\"62ea83d\" data-element_type=\"section\" data-e-type=\"section\">\n\t\t\t\t\t\t<div class=\"elementor-container elementor-column-gap-default\">\n\t\t\t\t\t<div class=\"elementor-column elementor-col-50 elementor-top-column elementor-element elementor-element-f51a49c\" data-id=\"f51a49c\" data-element_type=\"column\" data-e-type=\"column\">\n\t\t\t<div class=\"elementor-widget-wrap elementor-element-populated\">\n\t\t\t\t\t\t<div class=\"elementor-element elementor-element-4d9c473b elementor-widget elementor-widget-image\" data-id=\"4d9c473b\" data-element_type=\"widget\" data-e-type=\"widget\" data-widget_type=\"image.default\">\n\t\t\t\t<div class=\"elementor-widget-container\">\n\t\t\t\t\t\t\t\t\t\t\t\t\t\t\t\t<a href=\"https:\/\/tousek.com\/cs\/produkte\/funk\/rs433-rs868\">\n\t\t\t\t\t\t\t<img fetchpriority=\"high\" decoding=\"async\" width=\"768\" height=\"538\" src=\"https:\/\/tousek.com\/wp-content\/uploads\/2020\/11\/rs433_rs868-768x538.jpg\" class=\"elementor-animation-shrink attachment-medium_large size-medium_large wp-image-5820\" alt=\"\" srcset=\"https:\/\/tousek.com\/wp-content\/uploads\/2020\/11\/rs433_rs868-768x538.jpg 768w, https:\/\/tousek.com\/wp-content\/uploads\/2020\/11\/rs433_rs868-300x210.jpg 300w, https:\/\/tousek.com\/wp-content\/uploads\/2020\/11\/rs433_rs868-16x12.jpg 16w, https:\/\/tousek.com\/wp-content\/uploads\/2020\/11\/rs433_rs868.jpg 1000w\" sizes=\"(max-width: 768px) 100vw, 768px\" \/>\t\t\t\t\t\t\t\t<\/a>\n\t\t\t\t\t\t\t\t\t\t\t\t\t\t\t<\/div>\n\t\t\t\t<\/div>\n\t\t\t\t<div class=\"elementor-element elementor-element-5633e95 elementor-widget elementor-widget-heading\" data-id=\"5633e95\" data-element_type=\"widget\" data-e-type=\"widget\" data-widget_type=\"heading.default\">\n\t\t\t\t<div class=\"elementor-widget-container\">\n\t\t\t\t\t<h2 class=\"elementor-heading-title elementor-size-default\">RS 868 &amp; RS 433<\/h2>\t\t\t\t<\/div>\n\t\t\t\t<\/div>\n\t\t\t\t\t<\/div>\n\t\t<\/div>\n\t\t\t\t<div class=\"elementor-column elementor-col-50 elementor-top-column elementor-element elementor-element-60b73d37\" data-id=\"60b73d37\" data-element_type=\"column\" data-e-type=\"column\">\n\t\t\t<div class=\"elementor-widget-wrap elementor-element-populated\">\n\t\t\t\t\t\t<div class=\"elementor-element elementor-element-13e34091 elementor-widget elementor-widget-image\" data-id=\"13e34091\" data-element_type=\"widget\" data-e-type=\"widget\" data-widget_type=\"image.default\">\n\t\t\t\t<div class=\"elementor-widget-container\">\n\t\t\t\t\t\t\t\t\t\t\t\t\t\t\t\t<a href=\"https:\/\/tousek.com\/cs\/produkte\/funk\/rs868-pro\">\n\t\t\t\t\t\t\t<img decoding=\"async\" width=\"768\" height=\"538\" src=\"https:\/\/tousek.com\/wp-content\/uploads\/2020\/11\/rs868pro-768x538.jpg\" class=\"elementor-animation-shrink attachment-medium_large size-medium_large wp-image-5821\" alt=\"\" srcset=\"https:\/\/tousek.com\/wp-content\/uploads\/2020\/11\/rs868pro-768x538.jpg 768w, https:\/\/tousek.com\/wp-content\/uploads\/2020\/11\/rs868pro-300x210.jpg 300w, https:\/\/tousek.com\/wp-content\/uploads\/2020\/11\/rs868pro-16x12.jpg 16w, https:\/\/tousek.com\/wp-content\/uploads\/2020\/11\/rs868pro.jpg 1000w\" sizes=\"(max-width: 768px) 100vw, 768px\" \/>\t\t\t\t\t\t\t\t<\/a>\n\t\t\t\t\t\t\t\t\t\t\t\t\t\t\t<\/div>\n\t\t\t\t<\/div>\n\t\t\t\t<div class=\"elementor-element elementor-element-28a41e2d elementor-widget elementor-widget-heading\" data-id=\"28a41e2d\" data-element_type=\"widget\" data-e-type=\"widget\" data-widget_type=\"heading.default\">\n\t\t\t\t<div class=\"elementor-widget-container\">\n\t\t\t\t\t<h2 class=\"elementor-heading-title elementor-size-default\">RS 868 PRO<\/h2>\t\t\t\t<\/div>\n\t\t\t\t<\/div>\n\t\t\t\t\t<\/div>\n\t\t<\/div>\n\t\t\t\t\t<\/div>\n\t\t<\/section>\n\t\t\t\t<section class=\"elementor-section elementor-top-section elementor-element elementor-element-b85f799 elementor-section-boxed elementor-section-height-default elementor-section-height-default\" data-id=\"b85f799\" data-element_type=\"section\" data-e-type=\"section\">\n\t\t\t\t\t\t<div class=\"elementor-container elementor-column-gap-default\">\n\t\t\t\t\t<div class=\"elementor-column elementor-col-50 elementor-top-column elementor-element elementor-element-a53fb08\" data-id=\"a53fb08\" data-element_type=\"column\" data-e-type=\"column\">\n\t\t\t<div class=\"elementor-widget-wrap elementor-element-populated\">\n\t\t\t\t\t\t<div class=\"elementor-element elementor-element-29c9a89 elementor-widget elementor-widget-image\" data-id=\"29c9a89\" data-element_type=\"widget\" data-e-type=\"widget\" data-widget_type=\"image.default\">\n\t\t\t\t<div class=\"elementor-widget-container\">\n\t\t\t\t\t\t\t\t\t\t\t\t\t\t\t\t<a href=\"https:\/\/tousek.com\/cs\/produkte\/funk\/bt-40\">\n\t\t\t\t\t\t\t<img decoding=\"async\" width=\"768\" height=\"538\" src=\"https:\/\/tousek.com\/wp-content\/uploads\/2020\/11\/bt40_v2-768x538.jpg\" class=\"elementor-animation-shrink attachment-medium_large size-medium_large wp-image-5834\" alt=\"\" srcset=\"https:\/\/tousek.com\/wp-content\/uploads\/2020\/11\/bt40_v2-768x538.jpg 768w, https:\/\/tousek.com\/wp-content\/uploads\/2020\/11\/bt40_v2-300x210.jpg 300w, https:\/\/tousek.com\/wp-content\/uploads\/2020\/11\/bt40_v2-16x12.jpg 16w, https:\/\/tousek.com\/wp-content\/uploads\/2020\/11\/bt40_v2.jpg 1000w\" sizes=\"(max-width: 768px) 100vw, 768px\" \/>\t\t\t\t\t\t\t\t<\/a>\n\t\t\t\t\t\t\t\t\t\t\t\t\t\t\t<\/div>\n\t\t\t\t<\/div>\n\t\t\t\t<div class=\"elementor-element elementor-element-9c28f59 elementor-widget elementor-widget-heading\" data-id=\"9c28f59\" data-element_type=\"widget\" data-e-type=\"widget\" data-widget_type=\"heading.default\">\n\t\t\t\t<div class=\"elementor-widget-container\">\n\t\t\t\t\t<h2 class=\"elementor-heading-title elementor-size-default\">BT 40<\/h2>\t\t\t\t<\/div>\n\t\t\t\t<\/div>\n\t\t\t\t\t<\/div>\n\t\t<\/div>\n\t\t\t\t<div class=\"elementor-column elementor-col-50 elementor-top-column elementor-element elementor-element-dc9e2e9\" data-id=\"dc9e2e9\" data-element_type=\"column\" data-e-type=\"column\">\n\t\t\t<div class=\"elementor-widget-wrap\">\n\t\t\t\t\t\t\t<\/div>\n\t\t<\/div>\n\t\t\t\t\t<\/div>\n\t\t<\/section>\n\t\t\t\t<section class=\"elementor-section elementor-top-section elementor-element elementor-element-961893a elementor-section-boxed elementor-section-height-default elementor-section-height-default\" data-id=\"961893a\" data-element_type=\"section\" data-e-type=\"section\">\n\t\t\t\t\t\t<div class=\"elementor-container elementor-column-gap-default\">\n\t\t\t\t\t\t<\/div>\n\t\t<\/section>\n\t\t\t\t<section class=\"elementor-section elementor-top-section elementor-element elementor-element-bfe5f79 elementor-section-boxed elementor-section-height-default elementor-section-height-default\" data-id=\"bfe5f79\" data-element_type=\"section\" data-e-type=\"section\">\n\t\t\t\t\t\t<div class=\"elementor-container elementor-column-gap-default\">\n\t\t\t\t\t<div class=\"elementor-column elementor-col-100 elementor-top-column elementor-element elementor-element-454471e\" data-id=\"454471e\" data-element_type=\"column\" data-e-type=\"column\">\n\t\t\t<div class=\"elementor-widget-wrap elementor-element-populated\">\n\t\t\t\t\t\t<div class=\"elementor-element elementor-element-2ec938f elementor-widget elementor-widget-spacer\" data-id=\"2ec938f\" data-element_type=\"widget\" data-e-type=\"widget\" data-widget_type=\"spacer.default\">\n\t\t\t\t<div class=\"elementor-widget-container\">\n\t\t\t\t\t\t\t<div class=\"elementor-spacer\">\n\t\t\t<div class=\"elementor-spacer-inner\"><\/div>\n\t\t<\/div>\n\t\t\t\t\t\t<\/div>\n\t\t\t\t<\/div>\n\t\t\t\t\t<\/div>\n\t\t<\/div>\n\t\t\t\t\t<\/div>\n\t\t<\/section>\n\t\t\t\t<\/div>","protected":false},"excerpt":{"rendered":"<p>RS 868 &amp; RS 433 RS 868 PRO BT 40<\/p>","protected":false},"author":1,"featured_media":4245,"parent":23,"menu_order":6,"comment_status":"closed","ping_status":"closed","template":"elementor_header_footer","meta":{"footnotes":""},"class_list":["post-41","page","type-page","status-publish","has-post-thumbnail","hentry"],"_links":{"self":[{"href":"https:\/\/tousek.com\/cs\/wp-json\/wp\/v2\/pages\/41","targetHints":{"allow":["GET"]}}],"collection":[{"href":"https:\/\/tousek.com\/cs\/wp-json\/wp\/v2\/pages"}],"about":[{"href":"https:\/\/tousek.com\/cs\/wp-json\/wp\/v2\/types\/page"}],"author":[{"embeddable":true,"href":"https:\/\/tousek.com\/cs\/wp-json\/wp\/v2\/users\/1"}],"replies":[{"embeddable":true,"href":"https:\/\/tousek.com\/cs\/wp-json\/wp\/v2\/comments?post=41"}],"version-history":[{"count":17,"href":"https:\/\/tousek.com\/cs\/wp-json\/wp\/v2\/pages\/41\/revisions"}],"predecessor-version":[{"id":9981,"href":"https:\/\/tousek.com\/cs\/wp-json\/wp\/v2\/pages\/41\/revisions\/9981"}],"up":[{"embeddable":true,"href":"https:\/\/tousek.com\/cs\/wp-json\/wp\/v2\/pages\/23"}],"wp:featuredmedia":[{"embeddable":true,"href":"https:\/\/tousek.com\/cs\/wp-json\/wp\/v2\/media\/4245"}],"wp:attachment":[{"href":"https:\/\/tousek.com\/cs\/wp-json\/wp\/v2\/media?parent=41"}],"curies":[{"name":"wp","href":"https:\/\/api.w.org\/{rel}","templated":true}]}}