{"id":3739,"date":"2020-07-27T05:42:59","date_gmt":"2020-07-27T05:42:59","guid":{"rendered":"http:\/\/tousekat.srv268.adino.at\/?page_id=3739"},"modified":"2025-12-16T15:09:11","modified_gmt":"2025-12-16T15:09:11","slug":"zertifikate","status":"publish","type":"page","link":"https:\/\/tousek.com\/cs\/zertifikate","title":{"rendered":"Certifik\u00e1ty"},"content":{"rendered":"<div data-elementor-type=\"wp-page\" data-elementor-id=\"3739\" class=\"elementor elementor-3739\" data-elementor-post-type=\"page\">\n\t\t\t\t\t\t<section class=\"elementor-section elementor-top-section elementor-element elementor-element-3f9c13b elementor-section-boxed elementor-section-height-default elementor-section-height-default\" data-id=\"3f9c13b\" data-element_type=\"section\" data-e-type=\"section\">\n\t\t\t\t\t\t<div class=\"elementor-container elementor-column-gap-default\">\n\t\t\t\t\t<div class=\"elementor-column elementor-col-100 elementor-top-column elementor-element elementor-element-3112d3c\" data-id=\"3112d3c\" data-element_type=\"column\" data-e-type=\"column\">\n\t\t\t<div class=\"elementor-widget-wrap elementor-element-populated\">\n\t\t\t\t\t\t<div class=\"elementor-element elementor-element-d3c4f1d elementor-widget elementor-widget-spacer\" data-id=\"d3c4f1d\" data-element_type=\"widget\" data-e-type=\"widget\" data-widget_type=\"spacer.default\">\n\t\t\t\t<div class=\"elementor-widget-container\">\n\t\t\t\t\t\t\t<div class=\"elementor-spacer\">\n\t\t\t<div class=\"elementor-spacer-inner\"><\/div>\n\t\t<\/div>\n\t\t\t\t\t\t<\/div>\n\t\t\t\t<\/div>\n\t\t\t\t\t<\/div>\n\t\t<\/div>\n\t\t\t\t\t<\/div>\n\t\t<\/section>\n\t\t\t\t<section class=\"elementor-section elementor-top-section elementor-element elementor-element-5f64d54 elementor-section-boxed elementor-section-height-default elementor-section-height-default\" data-id=\"5f64d54\" data-element_type=\"section\" data-e-type=\"section\">\n\t\t\t\t\t\t<div class=\"elementor-container elementor-column-gap-default\">\n\t\t\t\t\t<div class=\"elementor-column elementor-col-33 elementor-top-column elementor-element elementor-element-f261742\" data-id=\"f261742\" data-element_type=\"column\" data-e-type=\"column\">\n\t\t\t<div class=\"elementor-widget-wrap elementor-element-populated\">\n\t\t\t\t\t\t<div class=\"elementor-element elementor-element-d2bf9ac elementor-widget elementor-widget-image\" data-id=\"d2bf9ac\" data-element_type=\"widget\" data-e-type=\"widget\" data-widget_type=\"image.default\">\n\t\t\t\t<div class=\"elementor-widget-container\">\n\t\t\t\t\t\t\t\t\t\t\t\t\t\t\t<img fetchpriority=\"high\" decoding=\"async\" width=\"250\" height=\"250\" src=\"https:\/\/tousek.com\/wp-content\/uploads\/2025\/04\/auszeichnung.webp\" class=\"attachment-medium size-medium wp-image-9963\" alt=\"\" srcset=\"https:\/\/tousek.com\/wp-content\/uploads\/2025\/04\/auszeichnung.webp 250w, https:\/\/tousek.com\/wp-content\/uploads\/2025\/04\/auszeichnung-150x150.webp 150w, https:\/\/tousek.com\/wp-content\/uploads\/2025\/04\/auszeichnung-12x12.webp 12w\" sizes=\"(max-width: 250px) 100vw, 250px\" \/>\t\t\t\t\t\t\t\t\t\t\t\t\t\t\t<\/div>\n\t\t\t\t<\/div>\n\t\t\t\t\t<\/div>\n\t\t<\/div>\n\t\t\t\t<div class=\"elementor-column elementor-col-66 elementor-top-column elementor-element elementor-element-f306c9d\" data-id=\"f306c9d\" data-element_type=\"column\" data-e-type=\"column\">\n\t\t\t<div class=\"elementor-widget-wrap elementor-element-populated\">\n\t\t\t\t\t\t<div class=\"elementor-element elementor-element-d8b5c4a elementor-widget elementor-widget-heading\" data-id=\"d8b5c4a\" data-element_type=\"widget\" data-e-type=\"widget\" data-widget_type=\"heading.default\">\n\t\t\t\t<div class=\"elementor-widget-container\">\n\t\t\t\t\t<h1 class=\"elementor-heading-title elementor-size-default\">St\u00e1tem schv\u00e1len\u00e1 organizace<\/h1>\t\t\t\t<\/div>\n\t\t\t\t<\/div>\n\t\t\t\t<div class=\"elementor-element elementor-element-17bd2d2 elementor-widget elementor-widget-text-editor\" data-id=\"17bd2d2\" data-element_type=\"widget\" data-e-type=\"widget\" data-widget_type=\"text-editor.default\">\n\t\t\t\t<div class=\"elementor-widget-container\">\n\t\t\t\t\t\t\t\t\t<p>Toto ocen\u011bn\u00ed n\u00e1le\u017e\u00ed pouze firm\u00e1m, kter\u00e9 jsou mimo\u0159\u00e1dn\u011b prosp\u011b\u0161n\u00e9 pro rakouskou ekonomiku.<\/p>\t\t\t\t\t\t\t\t<\/div>\n\t\t\t\t<\/div>\n\t\t\t\t\t<\/div>\n\t\t<\/div>\n\t\t\t\t\t<\/div>\n\t\t<\/section>\n\t\t\t\t<section class=\"elementor-section elementor-top-section elementor-element elementor-element-2470ac4 elementor-section-boxed elementor-section-height-default elementor-section-height-default\" data-id=\"2470ac4\" data-element_type=\"section\" data-e-type=\"section\">\n\t\t\t\t\t\t<div class=\"elementor-container elementor-column-gap-default\">\n\t\t\t\t\t<div class=\"elementor-column elementor-col-100 elementor-top-column elementor-element elementor-element-aee1ec3\" data-id=\"aee1ec3\" data-element_type=\"column\" data-e-type=\"column\">\n\t\t\t<div class=\"elementor-widget-wrap elementor-element-populated\">\n\t\t\t\t\t\t<div class=\"elementor-element elementor-element-fc39b2c elementor-widget elementor-widget-spacer\" data-id=\"fc39b2c\" data-element_type=\"widget\" data-e-type=\"widget\" data-widget_type=\"spacer.default\">\n\t\t\t\t<div class=\"elementor-widget-container\">\n\t\t\t\t\t\t\t<div class=\"elementor-spacer\">\n\t\t\t<div class=\"elementor-spacer-inner\"><\/div>\n\t\t<\/div>\n\t\t\t\t\t\t<\/div>\n\t\t\t\t<\/div>\n\t\t\t\t\t<\/div>\n\t\t<\/div>\n\t\t\t\t\t<\/div>\n\t\t<\/section>\n\t\t\t\t<section class=\"elementor-section elementor-top-section elementor-element elementor-element-374393c elementor-section-boxed elementor-section-height-default elementor-section-height-default\" data-id=\"374393c\" data-element_type=\"section\" data-e-type=\"section\">\n\t\t\t\t\t\t<div class=\"elementor-container elementor-column-gap-default\">\n\t\t\t\t\t<div class=\"elementor-column elementor-col-33 elementor-top-column elementor-element elementor-element-e11454a\" data-id=\"e11454a\" data-element_type=\"column\" data-e-type=\"column\">\n\t\t\t<div class=\"elementor-widget-wrap elementor-element-populated\">\n\t\t\t\t\t\t<div class=\"elementor-element elementor-element-fe6607b elementor-widget elementor-widget-image\" data-id=\"fe6607b\" data-element_type=\"widget\" data-e-type=\"widget\" data-widget_type=\"image.default\">\n\t\t\t\t<div class=\"elementor-widget-container\">\n\t\t\t\t\t\t\t\t\t\t\t\t\t\t\t<img decoding=\"async\" width=\"250\" height=\"250\" src=\"https:\/\/tousek.com\/wp-content\/uploads\/2025\/04\/austria.webp\" class=\"attachment-medium size-medium wp-image-9962\" alt=\"\" srcset=\"https:\/\/tousek.com\/wp-content\/uploads\/2025\/04\/austria.webp 250w, https:\/\/tousek.com\/wp-content\/uploads\/2025\/04\/austria-150x150.webp 150w, https:\/\/tousek.com\/wp-content\/uploads\/2025\/04\/austria-12x12.webp 12w\" sizes=\"(max-width: 250px) 100vw, 250px\" \/>\t\t\t\t\t\t\t\t\t\t\t\t\t\t\t<\/div>\n\t\t\t\t<\/div>\n\t\t\t\t\t<\/div>\n\t\t<\/div>\n\t\t\t\t<div class=\"elementor-column elementor-col-66 elementor-top-column elementor-element elementor-element-ca340bf\" data-id=\"ca340bf\" data-element_type=\"column\" data-e-type=\"column\">\n\t\t\t<div class=\"elementor-widget-wrap elementor-element-populated\">\n\t\t\t\t\t\t<div class=\"elementor-element elementor-element-b70bcbe elementor-widget elementor-widget-heading\" data-id=\"b70bcbe\" data-element_type=\"widget\" data-e-type=\"widget\" data-widget_type=\"heading.default\">\n\t\t\t\t<div class=\"elementor-widget-container\">\n\t\t\t\t\t<h1 class=\"elementor-heading-title elementor-size-default\">Kvalita<\/h1>\t\t\t\t<\/div>\n\t\t\t\t<\/div>\n\t\t\t\t<div class=\"elementor-element elementor-element-eb3e31c elementor-widget elementor-widget-text-editor\" data-id=\"eb3e31c\" data-element_type=\"widget\" data-e-type=\"widget\" data-widget_type=\"text-editor.default\">\n\t\t\t\t<div class=\"elementor-widget-container\">\n\t\t\t\t\t\t\t\t\t<p>Technick\u00fd p\u0159edstih na\u0161ich produkt\u016f zaji\u0161\u0165uje na\u0161im \nz\u00e1kazn\u00edk\u016fm spolehliv\u00fd a dlouhodob\u00fd provoz.<br><\/p>\t\t\t\t\t\t\t\t<\/div>\n\t\t\t\t<\/div>\n\t\t\t\t\t<\/div>\n\t\t<\/div>\n\t\t\t\t\t<\/div>\n\t\t<\/section>\n\t\t\t\t<section class=\"elementor-section elementor-top-section elementor-element elementor-element-ba9db2b elementor-section-boxed elementor-section-height-default elementor-section-height-default\" data-id=\"ba9db2b\" data-element_type=\"section\" data-e-type=\"section\">\n\t\t\t\t\t\t<div class=\"elementor-container elementor-column-gap-default\">\n\t\t\t\t\t<div class=\"elementor-column elementor-col-100 elementor-top-column elementor-element elementor-element-bd3ba83\" data-id=\"bd3ba83\" data-element_type=\"column\" data-e-type=\"column\">\n\t\t\t<div class=\"elementor-widget-wrap elementor-element-populated\">\n\t\t\t\t\t\t<div class=\"elementor-element elementor-element-1d0c8ea elementor-widget elementor-widget-spacer\" data-id=\"1d0c8ea\" data-element_type=\"widget\" data-e-type=\"widget\" data-widget_type=\"spacer.default\">\n\t\t\t\t<div class=\"elementor-widget-container\">\n\t\t\t\t\t\t\t<div class=\"elementor-spacer\">\n\t\t\t<div class=\"elementor-spacer-inner\"><\/div>\n\t\t<\/div>\n\t\t\t\t\t\t<\/div>\n\t\t\t\t<\/div>\n\t\t\t\t\t<\/div>\n\t\t<\/div>\n\t\t\t\t\t<\/div>\n\t\t<\/section>\n\t\t\t\t<section class=\"elementor-section elementor-top-section elementor-element elementor-element-48a2d40 elementor-section-boxed elementor-section-height-default elementor-section-height-default\" data-id=\"48a2d40\" data-element_type=\"section\" data-e-type=\"section\">\n\t\t\t\t\t\t<div class=\"elementor-container elementor-column-gap-default\">\n\t\t\t\t\t<div class=\"elementor-column elementor-col-33 elementor-top-column elementor-element elementor-element-bc4c462\" data-id=\"bc4c462\" data-element_type=\"column\" data-e-type=\"column\">\n\t\t\t<div class=\"elementor-widget-wrap elementor-element-populated\">\n\t\t\t\t\t\t<div class=\"elementor-element elementor-element-7300237 elementor-widget__width-auto elementor-widget elementor-widget-image\" data-id=\"7300237\" data-element_type=\"widget\" data-e-type=\"widget\" data-widget_type=\"image.default\">\n\t\t\t\t<div class=\"elementor-widget-container\">\n\t\t\t\t\t\t\t\t\t\t\t\t\t\t\t<img decoding=\"async\" width=\"250\" height=\"250\" src=\"https:\/\/tousek.com\/wp-content\/uploads\/2025\/04\/iso_9001.webp\" class=\"attachment-medium size-medium wp-image-9964\" alt=\"\" srcset=\"https:\/\/tousek.com\/wp-content\/uploads\/2025\/04\/iso_9001.webp 250w, https:\/\/tousek.com\/wp-content\/uploads\/2025\/04\/iso_9001-150x150.webp 150w, https:\/\/tousek.com\/wp-content\/uploads\/2025\/04\/iso_9001-12x12.webp 12w\" sizes=\"(max-width: 250px) 100vw, 250px\" \/>\t\t\t\t\t\t\t\t\t\t\t\t\t\t\t<\/div>\n\t\t\t\t<\/div>\n\t\t\t\t\t<\/div>\n\t\t<\/div>\n\t\t\t\t<div class=\"elementor-column elementor-col-66 elementor-top-column elementor-element elementor-element-8be73e9\" data-id=\"8be73e9\" data-element_type=\"column\" data-e-type=\"column\">\n\t\t\t<div class=\"elementor-widget-wrap elementor-element-populated\">\n\t\t\t\t\t\t<div class=\"elementor-element elementor-element-d4797ca elementor-widget elementor-widget-heading\" data-id=\"d4797ca\" data-element_type=\"widget\" data-e-type=\"widget\" data-widget_type=\"heading.default\">\n\t\t\t\t<div class=\"elementor-widget-container\">\n\t\t\t\t\t<h1 class=\"elementor-heading-title elementor-size-default\">ISO<\/h1>\t\t\t\t<\/div>\n\t\t\t\t<\/div>\n\t\t\t\t<div class=\"elementor-element elementor-element-f6f5bab elementor-widget elementor-widget-text-editor\" data-id=\"f6f5bab\" data-element_type=\"widget\" data-e-type=\"widget\" data-widget_type=\"text-editor.default\">\n\t\t\t\t<div class=\"elementor-widget-container\">\n\t\t\t\t\t\t\t\t\t<p>Pe\u010dliv\u00e9 dodr\u017eov\u00e1n\u00ed nejp\u0159\u00edsn\u011bj\u0161\u00edch v\u00fdrobn\u00edch \nstandard\u016f, v\u00fdrobn\u00ed tolerance a jejich neust\u00e1l\u00e9 \nmonitorov\u00e1n\u00ed jsou pro n\u00e1s samoz\u0159ejmost\u00ed. Za t\u00edmto \n\u00fa\u010delem je spole\u010dnost od z\u00e1\u0159\u00ed 2016 certifikov\u00e1na \npodle ISO 9001<\/p>\t\t\t\t\t\t\t\t<\/div>\n\t\t\t\t<\/div>\n\t\t\t\t\t<\/div>\n\t\t<\/div>\n\t\t\t\t\t<\/div>\n\t\t<\/section>\n\t\t<div class=\"elementor-element elementor-element-f786dc8 e-flex e-con-boxed e-con e-parent\" data-id=\"f786dc8\" data-element_type=\"container\" data-e-type=\"container\">\n\t\t\t\t\t<div class=\"e-con-inner\">\n\t\t<div class=\"elementor-element elementor-element-abedb01 e-con-full e-flex e-con e-child\" data-id=\"abedb01\" data-element_type=\"container\" data-e-type=\"container\">\n\t\t\t\t<div class=\"elementor-element elementor-element-f432947 elementor-align-right elementor-widget elementor-widget-button\" data-id=\"f432947\" data-element_type=\"widget\" data-e-type=\"widget\" data-widget_type=\"button.default\">\n\t\t\t\t<div class=\"elementor-widget-container\">\n\t\t\t\t\t\t\t\t\t<div class=\"elementor-button-wrapper\">\n\t\t\t\t\t<a class=\"elementor-button elementor-button-link elementor-size-sm elementor-animation-grow\" href=\"https:\/\/tousek.com\/download\/DE\/Tousek_ISO-9001-2015_AT.pdf\">\n\t\t\t\t\t\t<span class=\"elementor-button-content-wrapper\">\n\t\t\t\t\t\t<span class=\"elementor-button-icon\">\n\t\t\t\t<i aria-hidden=\"true\" class=\"fas fa-file-download\"><\/i>\t\t\t<\/span>\n\t\t\t\t\t\t\t\t\t<span class=\"elementor-button-text\">Tousek \u00d6sterreich<\/span>\n\t\t\t\t\t<\/span>\n\t\t\t\t\t<\/a>\n\t\t\t\t<\/div>\n\t\t\t\t\t\t\t\t<\/div>\n\t\t\t\t<\/div>\n\t\t\t\t<\/div>\n\t\t<div class=\"elementor-element elementor-element-d9ab1b0 e-con-full e-flex e-con e-child\" data-id=\"d9ab1b0\" data-element_type=\"container\" data-e-type=\"container\">\n\t\t\t\t<div class=\"elementor-element elementor-element-c8028f1 elementor-align-left elementor-widget elementor-widget-button\" data-id=\"c8028f1\" data-element_type=\"widget\" data-e-type=\"widget\" data-widget_type=\"button.default\">\n\t\t\t\t<div class=\"elementor-widget-container\">\n\t\t\t\t\t\t\t\t\t<div class=\"elementor-button-wrapper\">\n\t\t\t\t\t<a class=\"elementor-button elementor-button-link elementor-size-sm elementor-animation-grow\" href=\"https:\/\/tousek.com\/download\/DE\/Tousek_ISO-9001-2015_DE.pdf\">\n\t\t\t\t\t\t<span class=\"elementor-button-content-wrapper\">\n\t\t\t\t\t\t<span class=\"elementor-button-icon\">\n\t\t\t\t<i aria-hidden=\"true\" class=\"fas fa-file-download\"><\/i>\t\t\t<\/span>\n\t\t\t\t\t\t\t\t\t<span class=\"elementor-button-text\">Tousek Deutschland<\/span>\n\t\t\t\t\t<\/span>\n\t\t\t\t\t<\/a>\n\t\t\t\t<\/div>\n\t\t\t\t\t\t\t\t<\/div>\n\t\t\t\t<\/div>\n\t\t\t\t<\/div>\n\t\t\t\t\t<\/div>\n\t\t\t\t<\/div>\n\t\t\t\t<section class=\"elementor-section elementor-top-section elementor-element elementor-element-f2a386b elementor-section-boxed elementor-section-height-default elementor-section-height-default\" data-id=\"f2a386b\" data-element_type=\"section\" data-e-type=\"section\">\n\t\t\t\t\t\t<div class=\"elementor-container elementor-column-gap-default\">\n\t\t\t\t\t<div class=\"elementor-column elementor-col-100 elementor-top-column elementor-element elementor-element-fcb18e3\" data-id=\"fcb18e3\" data-element_type=\"column\" data-e-type=\"column\">\n\t\t\t<div class=\"elementor-widget-wrap elementor-element-populated\">\n\t\t\t\t\t\t<div class=\"elementor-element elementor-element-b37b672 elementor-widget elementor-widget-spacer\" data-id=\"b37b672\" data-element_type=\"widget\" data-e-type=\"widget\" data-widget_type=\"spacer.default\">\n\t\t\t\t<div class=\"elementor-widget-container\">\n\t\t\t\t\t\t\t<div class=\"elementor-spacer\">\n\t\t\t<div class=\"elementor-spacer-inner\"><\/div>\n\t\t<\/div>\n\t\t\t\t\t\t<\/div>\n\t\t\t\t<\/div>\n\t\t\t\t\t<\/div>\n\t\t<\/div>\n\t\t\t\t\t<\/div>\n\t\t<\/section>\n\t\t\t\t<section class=\"elementor-section elementor-top-section elementor-element elementor-element-29faa80 elementor-section-boxed elementor-section-height-default elementor-section-height-default\" data-id=\"29faa80\" data-element_type=\"section\" data-e-type=\"section\">\n\t\t\t\t\t\t<div class=\"elementor-container elementor-column-gap-default\">\n\t\t\t\t\t<div class=\"elementor-column elementor-col-33 elementor-top-column elementor-element elementor-element-f12b948\" data-id=\"f12b948\" data-element_type=\"column\" data-e-type=\"column\">\n\t\t\t<div class=\"elementor-widget-wrap elementor-element-populated\">\n\t\t\t\t\t\t<div class=\"elementor-element elementor-element-de9a531 elementor-widget__width-auto elementor-widget elementor-widget-image\" data-id=\"de9a531\" data-element_type=\"widget\" data-e-type=\"widget\" data-widget_type=\"image.default\">\n\t\t\t\t<div class=\"elementor-widget-container\">\n\t\t\t\t\t\t\t\t\t\t\t\t\t\t\t<img loading=\"lazy\" decoding=\"async\" width=\"250\" height=\"251\" src=\"https:\/\/tousek.com\/wp-content\/uploads\/2025\/04\/tuV.webp\" class=\"attachment-medium size-medium wp-image-9965\" alt=\"\" srcset=\"https:\/\/tousek.com\/wp-content\/uploads\/2025\/04\/tuV.webp 250w, https:\/\/tousek.com\/wp-content\/uploads\/2025\/04\/tuV-150x150.webp 150w, https:\/\/tousek.com\/wp-content\/uploads\/2025\/04\/tuV-12x12.webp 12w\" sizes=\"(max-width: 250px) 100vw, 250px\" \/>\t\t\t\t\t\t\t\t\t\t\t\t\t\t\t<\/div>\n\t\t\t\t<\/div>\n\t\t\t\t\t<\/div>\n\t\t<\/div>\n\t\t\t\t<div class=\"elementor-column elementor-col-66 elementor-top-column elementor-element elementor-element-2573091\" data-id=\"2573091\" data-element_type=\"column\" data-e-type=\"column\">\n\t\t\t<div class=\"elementor-widget-wrap elementor-element-populated\">\n\t\t\t\t\t\t<div class=\"elementor-element elementor-element-ac36bed elementor-widget elementor-widget-heading\" data-id=\"ac36bed\" data-element_type=\"widget\" data-e-type=\"widget\" data-widget_type=\"heading.default\">\n\t\t\t\t<div class=\"elementor-widget-container\">\n\t\t\t\t\t<h1 class=\"elementor-heading-title elementor-size-default\">T\u00dcV<\/h1>\t\t\t\t<\/div>\n\t\t\t\t<\/div>\n\t\t\t\t<div class=\"elementor-element elementor-element-1787f68 elementor-widget elementor-widget-text-editor\" data-id=\"1787f68\" data-element_type=\"widget\" data-e-type=\"widget\" data-widget_type=\"text-editor.default\">\n\t\t\t\t<div class=\"elementor-widget-container\">\n\t\t\t\t\t\t\t\t\t<p class=\"translation-block\">Na\u0161e pohony pro posuvn\u00e9 br\u00e1ny Pull T, TPS, stejn\u011b jako na\u0161e pohony pro k\u0159\u00eddlov\u00e1 vrata Slim, Swing X a Sonic byly nejprve schv\u00e1leny spole\u010dnost\u00ed T\u00dcV S\u00fcd podle normy EN 132 41-1 podle EN 12453 a EN 12445. \nV p\u0159\u00edpad\u011b syst\u00e9mu podle na\u0161ich specifikac\u00ed nen\u00ed \nzapot\u0159eb\u00ed kontakt\u00edch li\u0161t na hlavn\u00ed uzav\u00edrac\u00ed hran\u011b (s v\u00fdjimkou TPS20, 40, 60, TPS6)<\/p>\t\t\t\t\t\t\t\t<\/div>\n\t\t\t\t<\/div>\n\t\t\t\t\t<\/div>\n\t\t<\/div>\n\t\t\t\t\t<\/div>\n\t\t<\/section>\n\t\t\t\t<section class=\"elementor-section elementor-top-section elementor-element elementor-element-c1a13cd elementor-section-boxed elementor-section-height-default elementor-section-height-default\" data-id=\"c1a13cd\" data-element_type=\"section\" data-e-type=\"section\">\n\t\t\t\t\t\t<div class=\"elementor-container elementor-column-gap-default\">\n\t\t\t\t\t<div class=\"elementor-column elementor-col-100 elementor-top-column elementor-element elementor-element-92a3360\" data-id=\"92a3360\" data-element_type=\"column\" data-e-type=\"column\">\n\t\t\t<div class=\"elementor-widget-wrap elementor-element-populated\">\n\t\t\t\t\t\t<div class=\"elementor-element elementor-element-772d4d9 elementor-widget elementor-widget-spacer\" data-id=\"772d4d9\" data-element_type=\"widget\" data-e-type=\"widget\" data-widget_type=\"spacer.default\">\n\t\t\t\t<div class=\"elementor-widget-container\">\n\t\t\t\t\t\t\t<div class=\"elementor-spacer\">\n\t\t\t<div class=\"elementor-spacer-inner\"><\/div>\n\t\t<\/div>\n\t\t\t\t\t\t<\/div>\n\t\t\t\t<\/div>\n\t\t\t\t\t<\/div>\n\t\t<\/div>\n\t\t\t\t\t<\/div>\n\t\t<\/section>\n\t\t\t\t<\/div>","protected":false},"excerpt":{"rendered":"<p>Staatlich ausgezeichnetes Unternehmen Durch diese Auszeichnung werden besondere Verdienste f\u00fcr die \u00f6sterreichische Wirtschaft sowie au\u00dfergew\u00f6hnliche Leistungen und Engagement geehrt. Qualit\u00e4tsprodukte aus \u00d6sterreich Der technische Vorsprung durch unsere Produkte sichert unseren Kunden einen zuverl\u00e4ssigen und langlebigen Betrieb. ISO Die penible Einhaltung strengster Produktionsstandards, engste Fertigungstoleranzen und deren st\u00e4ndige \u00dcberwachung sind bei uns selbstverst\u00e4ndlich. Um diese zu [&hellip;]<\/p>\n","protected":false},"author":1,"featured_media":4632,"parent":0,"menu_order":0,"comment_status":"closed","ping_status":"closed","template":"elementor_header_footer","meta":{"footnotes":""},"class_list":["post-3739","page","type-page","status-publish","has-post-thumbnail","hentry"],"_links":{"self":[{"href":"https:\/\/tousek.com\/cs\/wp-json\/wp\/v2\/pages\/3739","targetHints":{"allow":["GET"]}}],"collection":[{"href":"https:\/\/tousek.com\/cs\/wp-json\/wp\/v2\/pages"}],"about":[{"href":"https:\/\/tousek.com\/cs\/wp-json\/wp\/v2\/types\/page"}],"author":[{"embeddable":true,"href":"https:\/\/tousek.com\/cs\/wp-json\/wp\/v2\/users\/1"}],"replies":[{"embeddable":true,"href":"https:\/\/tousek.com\/cs\/wp-json\/wp\/v2\/comments?post=3739"}],"version-history":[{"count":16,"href":"https:\/\/tousek.com\/cs\/wp-json\/wp\/v2\/pages\/3739\/revisions"}],"predecessor-version":[{"id":10425,"href":"https:\/\/tousek.com\/cs\/wp-json\/wp\/v2\/pages\/3739\/revisions\/10425"}],"wp:featuredmedia":[{"embeddable":true,"href":"https:\/\/tousek.com\/cs\/wp-json\/wp\/v2\/media\/4632"}],"wp:attachment":[{"href":"https:\/\/tousek.com\/cs\/wp-json\/wp\/v2\/media?parent=3739"}],"curies":[{"name":"wp","href":"https:\/\/api.w.org\/{rel}","templated":true}]}}